{"id":748,"date":"2018-10-01T19:06:36","date_gmt":"2018-10-01T16:06:36","guid":{"rendered":"http:\/\/palloimre.local\/?page_id=748"},"modified":"2018-10-09T22:24:16","modified_gmt":"2018-10-09T19:24:16","slug":"galerie-pivnita","status":"publish","type":"page","link":"https:\/\/pallo.ro\/ro\/galerie-pivnita\/","title":{"rendered":"Galeria &#8222;Pivni\u021b\u0103&#8221;"},"content":{"rendered":"<p>A Pall\u00f3 Imre M\u0171v\u00e9szeti Szakk\u00f6z\u00e9piskola Kossuth Lajos utca 41. sz\u00e1m alatti \u00e9p\u00fclet\u00e9nek alagsora sok\u00e1ig hasznavehetetlen\u00fcl \u00e1llt, m\u00edgnem f\u00e1radts\u00e1gos munk\u00e1val \u00e9s komoly anyagi r\u00e1ford\u00edt\u00e1ssal \u00e1talak\u00edtott\u00e1k, kijav\u00edtott\u00e1k, hogy az \u00edgy l\u00e9trej\u00f6tt helys\u00e9g otthont adjon az iskola \u00e1lland\u00f3 t\u00e1rlat\u00e1nak.<\/p>\n<p>A gal\u00e9ri\u00e1ban 2001 m\u00e1jusa \u00f3ta az iskola k\u00e9pz\u0151m\u0171v\u00e9sz di\u00e1kjai \u00e9s tan\u00e1rai folyamatosan ki\u00e1ll\u00edtanak, mely t\u00e1rlatok term\u00e9szetesen a nagyk\u00f6z\u00f6ns\u00e9g sz\u00e1m\u00e1ra is nyitva \u00e1llnak.<\/p>\n<p>A Pincegal\u00e9ria lehet\u00f5s\u00e9get biztos\u00edt a most form\u00e1l\u00f3d\u00f3 ifj\u00fa k\u00e9pz\u00f5m\u0171v\u00e9szek sz\u00e1m\u00e1ra is a bemutatkoz\u00e1sra, a befogad\u00f3kkal val\u00f3 szembes\u00fcl\u00e9sre.<\/p>\n<p>Ez a gal\u00e9ria ugyanakkor m\u00e1s m\u0171v\u00e9szek ki\u00e1ll\u00edt\u00e1sainak is otthont ad, t\u00f6bbek k\u00f6z\u00f6tt a k\u00e9pz\u00f5m\u0171v\u00e9sz tan\u00e1rok sz\u00e1m\u00e1ra szervezett Bolyai Ny\u00e1ri Akad\u00e9mia sor\u00e1n sz\u00fcletett alkot\u00e1sok is itt tekinthet\u00f5k meg.<\/p>\n<div\n\tclass=\"ngg-galleryoverview ngg-ajax-pagination-none\"\n\tid=\"ngg-gallery-d77e8d152e909759d6c3838b0469e594-1\">\n\n    \t<div class=\"slideshowlink\">\n        <a href='https:\/\/pallo.ro\/ro\/galerie-pivnita\/nggallery\/slideshow'>&#091;Diavet\u00edt\u00e9s ind\u00edt\u00e1sa&#093;<\/a>\n\t\t\n\t<\/div>\n\t\t\t<!-- Thumbnails -->\n\t\t\t\t<div id=\"ngg-image-0\" class=\"ngg-gallery-thumbnail-box\" >\n\t\t\t\t        <div class=\"ngg-gallery-thumbnail\">\n            <a href=\"https:\/\/pallo.ro\/wp-content\/gallery\/pincegaleria\/alagsor.jpg\"\n               title=\"\"\n               data-src=\"https:\/\/pallo.ro\/wp-content\/gallery\/pincegaleria\/alagsor.jpg\"\n               data-thumbnail=\"https:\/\/pallo.ro\/wp-content\/gallery\/pincegaleria\/thumbs\/thumbs_alagsor.jpg\"\n               data-image-id=\"21\"\n               data-title=\"alagsor\"\n               data-description=\"\"\n               data-image-slug=\"alagsor-2\"\n               class=\"ngg-fancybox\" rel=\"d77e8d152e909759d6c3838b0469e594\">\n                <img\n                    title=\"alagsor\"\n                    alt=\"alagsor\"\n                    src=\"https:\/\/pallo.ro\/wp-content\/gallery\/pincegaleria\/thumbs\/thumbs_alagsor.jpg\"\n                    width=\"240\"\n                    height=\"160\"\n                    style=\"max-width:100%;\"\n                \/>\n            <\/a>\n        <\/div>\n\t\t\t\t\t\t\t<\/div> \n\t\t\t\n        \n\t\t\t\t<div id=\"ngg-image-1\" class=\"ngg-gallery-thumbnail-box\" >\n\t\t\t\t        <div class=\"ngg-gallery-thumbnail\">\n            <a href=\"https:\/\/pallo.ro\/wp-content\/gallery\/pincegaleria\/kiallitas.jpg\"\n               title=\"\"\n               data-src=\"https:\/\/pallo.ro\/wp-content\/gallery\/pincegaleria\/kiallitas.jpg\"\n               data-thumbnail=\"https:\/\/pallo.ro\/wp-content\/gallery\/pincegaleria\/thumbs\/thumbs_kiallitas.jpg\"\n               data-image-id=\"22\"\n               data-title=\"kiallitas\"\n               data-description=\"\"\n               data-image-slug=\"kiallitas-2\"\n               class=\"ngg-fancybox\" rel=\"d77e8d152e909759d6c3838b0469e594\">\n                <img\n                    title=\"kiallitas\"\n                    alt=\"kiallitas\"\n                    src=\"https:\/\/pallo.ro\/wp-content\/gallery\/pincegaleria\/thumbs\/thumbs_kiallitas.jpg\"\n                    width=\"240\"\n                    height=\"160\"\n                    style=\"max-width:100%;\"\n                \/>\n            <\/a>\n        <\/div>\n\t\t\t\t\t\t\t<\/div> \n\t\t\t\n        \n\t\t\t\t<div id=\"ngg-image-2\" class=\"ngg-gallery-thumbnail-box\" >\n\t\t\t\t        <div class=\"ngg-gallery-thumbnail\">\n            <a href=\"https:\/\/pallo.ro\/wp-content\/gallery\/pincegaleria\/muterem.jpg\"\n               title=\"\"\n               data-src=\"https:\/\/pallo.ro\/wp-content\/gallery\/pincegaleria\/muterem.jpg\"\n               data-thumbnail=\"https:\/\/pallo.ro\/wp-content\/gallery\/pincegaleria\/thumbs\/thumbs_muterem.jpg\"\n               data-image-id=\"23\"\n               data-title=\"muterem\"\n               data-description=\"\"\n               data-image-slug=\"muterem-2\"\n               class=\"ngg-fancybox\" rel=\"d77e8d152e909759d6c3838b0469e594\">\n                <img\n                    title=\"muterem\"\n                    alt=\"muterem\"\n                    src=\"https:\/\/pallo.ro\/wp-content\/gallery\/pincegaleria\/thumbs\/thumbs_muterem.jpg\"\n                    width=\"240\"\n                    height=\"160\"\n                    style=\"max-width:100%;\"\n                \/>\n            <\/a>\n        <\/div>\n\t\t\t\t\t\t\t<\/div> \n\t\t\t\n        \n\t\t\n\t\t<!-- Pagination -->\n\t<div class='ngg-clear'><\/div>\t<\/div>\n\n","protected":false},"excerpt":{"rendered":"<p>A Pall\u00f3 Imre M\u0171v\u00e9szeti Szakk\u00f6z\u00e9piskola Kossuth Lajos utca 41. sz\u00e1m alatti \u00e9p\u00fclet\u00e9nek alagsora sok\u00e1ig hasznavehetetlen\u00fcl&#8230;<\/p>\n","protected":false},"author":1,"featured_media":757,"parent":0,"menu_order":0,"comment_status":"closed","ping_status":"closed","template":"","meta":{"_expiration-date-status":"saved","_expiration-date":0,"_expiration-date-type":"","_expiration-date-categories":[],"_expiration-date-options":[],"footnotes":""},"class_list":["post-748","page","type-page","status-publish","has-post-thumbnail","hentry"],"_links":{"self":[{"href":"https:\/\/pallo.ro\/ro\/wp-json\/wp\/v2\/pages\/748\/"}],"collection":[{"href":"https:\/\/pallo.ro\/ro\/wp-json\/wp\/v2\/pages\/"}],"about":[{"href":"https:\/\/pallo.ro\/ro\/wp-json\/wp\/v2\/types\/page\/"}],"author":[{"embeddable":true,"href":"https:\/\/pallo.ro\/ro\/wp-json\/wp\/v2\/users\/1\/"}],"replies":[{"embeddable":true,"href":"https:\/\/pallo.ro\/ro\/wp-json\/wp\/v2\/comments\/?post=748"}],"version-history":[{"count":4,"href":"https:\/\/pallo.ro\/ro\/wp-json\/wp\/v2\/pages\/748\/revisions\/"}],"predecessor-version":[{"id":1007,"href":"https:\/\/pallo.ro\/ro\/wp-json\/wp\/v2\/pages\/748\/revisions\/1007\/"}],"wp:featuredmedia":[{"embeddable":true,"href":"https:\/\/pallo.ro\/ro\/wp-json\/wp\/v2\/media\/757\/"}],"wp:attachment":[{"href":"https:\/\/pallo.ro\/ro\/wp-json\/wp\/v2\/media\/?parent=748"}],"curies":[{"name":"wp","href":"https:\/\/api.w.org\/{rel}","templated":true}]}}