{"id":706,"date":"2018-10-01T13:57:50","date_gmt":"2018-10-01T10:57:50","guid":{"rendered":"http:\/\/palloimre.local\/?page_id=706"},"modified":"2018-10-03T12:35:41","modified_gmt":"2018-10-03T09:35:41","slug":"asociatie","status":"publish","type":"page","link":"https:\/\/pallo.ro\/ro\/asociatie\/","title":{"rendered":"Asocia\u0163ie"},"content":{"rendered":"<div class=\"title\">\n<h1><strong style=\"font-size: 16px;\">Olcs\u00f3 sz\u00e1ll\u00e1s Sz\u00e9kelyudvarhelyen, Erd\u00e9ly sz\u00edv\u00e9ben.<\/strong><\/h1>\n<\/div>\n<div align=\"justify\">\n<p>A&nbsp;<strong>Pall\u00f3 Imre M\u0171v\u00e9szeti L\u00edceum<\/strong>, valamint a Dr. Pall\u00f3 Imre Alap\u00edtv\u00e1ny a Kossuth Lajos utca 41. sz\u00e1m alatt, Sz\u00e9kelyudvarhely k\u00f6zpontj\u00e1ban, h\u00e1rom- \u00e9s n\u00e9gy\u00e1gyas vend\u00e9gszob\u00e1kkal, valamint h\u00e1rom, k\u00e9t\u00e1gyas \u201cprotokollszob\u00e1val\u201d \u00e9s \u00e9tkez\u00e9si lehet\u0151s\u00e9ggel v\u00e1rja az \u00e9rdekl\u0151d\u0151ket 54 szem\u00e9lyig.<\/p>\n<p>F\u0171t\u00e9s, hideg-meleg v\u00edz \u00e9jjel-nappal.<\/p>\n<\/div>\n<div align=\"justify\">\n<div\n\tclass=\"ngg-galleryoverview ngg-ajax-pagination-none\"\n\tid=\"ngg-gallery-1ed838d19b50e9f18f5852dfcf9d4186-1\">\n\n    \t<div class=\"slideshowlink\">\n        <a href='https:\/\/pallo.ro\/ro\/asociatie\/nggallery\/slideshow'>&#091;Diavet\u00edt\u00e9s ind\u00edt\u00e1sa&#093;<\/a>\n\t\t\n\t<\/div>\n\t\t\t<!-- Thumbnails -->\n\t\t\t\t<div id=\"ngg-image-0\" class=\"ngg-gallery-thumbnail-box\" >\n\t\t\t\t        <div class=\"ngg-gallery-thumbnail\">\n            <a href=\"https:\/\/pallo.ro\/wp-content\/gallery\/szallas\/33.jpg\"\n               title=\"\"\n               data-src=\"https:\/\/pallo.ro\/wp-content\/gallery\/szallas\/33.jpg\"\n               data-thumbnail=\"https:\/\/pallo.ro\/wp-content\/gallery\/szallas\/thumbs\/thumbs_33.jpg\"\n               data-image-id=\"18\"\n               data-title=\"33\"\n               data-description=\"\"\n               data-image-slug=\"33-2\"\n               class=\"ngg-fancybox\" rel=\"1ed838d19b50e9f18f5852dfcf9d4186\">\n                <img\n                    title=\"33\"\n                    alt=\"33\"\n                    src=\"https:\/\/pallo.ro\/wp-content\/gallery\/szallas\/thumbs\/thumbs_33.jpg\"\n                    width=\"200\"\n                    height=\"140\"\n                    style=\"max-width:100%;\"\n                \/>\n            <\/a>\n        <\/div>\n\t\t\t\t\t\t\t<\/div> \n\t\t\t\n        \n\t\t\t\t<div id=\"ngg-image-1\" class=\"ngg-gallery-thumbnail-box\" >\n\t\t\t\t        <div class=\"ngg-gallery-thumbnail\">\n            <a href=\"https:\/\/pallo.ro\/wp-content\/gallery\/szallas\/pallo_11.jpg\"\n               title=\"\"\n               data-src=\"https:\/\/pallo.ro\/wp-content\/gallery\/szallas\/pallo_11.jpg\"\n               data-thumbnail=\"https:\/\/pallo.ro\/wp-content\/gallery\/szallas\/thumbs\/thumbs_pallo_11.jpg\"\n               data-image-id=\"19\"\n               data-title=\"pallo_11\"\n               data-description=\"\"\n               data-image-slug=\"pallo_11-2\"\n               class=\"ngg-fancybox\" rel=\"1ed838d19b50e9f18f5852dfcf9d4186\">\n                <img\n                    title=\"pallo_11\"\n                    alt=\"pallo_11\"\n                    src=\"https:\/\/pallo.ro\/wp-content\/gallery\/szallas\/thumbs\/thumbs_pallo_11.jpg\"\n                    width=\"240\"\n                    height=\"160\"\n                    style=\"max-width:100%;\"\n                \/>\n            <\/a>\n        <\/div>\n\t\t\t\t\t\t\t<\/div> \n\t\t\t\n        \n\t\t\t\t<div id=\"ngg-image-2\" class=\"ngg-gallery-thumbnail-box\" >\n\t\t\t\t        <div class=\"ngg-gallery-thumbnail\">\n            <a href=\"https:\/\/pallo.ro\/wp-content\/gallery\/szallas\/pallo_16.jpg\"\n               title=\"\"\n               data-src=\"https:\/\/pallo.ro\/wp-content\/gallery\/szallas\/pallo_16.jpg\"\n               data-thumbnail=\"https:\/\/pallo.ro\/wp-content\/gallery\/szallas\/thumbs\/thumbs_pallo_16.jpg\"\n               data-image-id=\"20\"\n               data-title=\"pallo_16\"\n               data-description=\"\"\n               data-image-slug=\"pallo_16-2\"\n               class=\"ngg-fancybox\" rel=\"1ed838d19b50e9f18f5852dfcf9d4186\">\n                <img\n                    title=\"pallo_16\"\n                    alt=\"pallo_16\"\n                    src=\"https:\/\/pallo.ro\/wp-content\/gallery\/szallas\/thumbs\/thumbs_pallo_16.jpg\"\n                    width=\"240\"\n                    height=\"160\"\n                    style=\"max-width:100%;\"\n                \/>\n            <\/a>\n        <\/div>\n\t\t\t\t\t\t\t<\/div> \n\t\t\t\n        \n\t\t\n\t\t<!-- Pagination -->\n\t<div class='ngg-clear'><\/div>\t<\/div>\n\n<p><strong><br \/>\nMobil: 0040-744-633526<br \/>\nTel.: 0266-218240<\/strong><\/p>\n<\/div>\n","protected":false},"excerpt":{"rendered":"<p>Olcs\u00f3 sz\u00e1ll\u00e1s Sz\u00e9kelyudvarhelyen, Erd\u00e9ly sz\u00edv\u00e9ben. A&nbsp;Pall\u00f3 Imre M\u0171v\u00e9szeti L\u00edceum, valamint a Dr. Pall\u00f3 Imre Alap\u00edtv\u00e1ny&#8230;<\/p>\n","protected":false},"author":1,"featured_media":766,"parent":0,"menu_order":0,"comment_status":"closed","ping_status":"closed","template":"","meta":{"_expiration-date-status":"saved","_expiration-date":0,"_expiration-date-type":"","_expiration-date-categories":[],"_expiration-date-options":[],"footnotes":""},"class_list":["post-706","page","type-page","status-publish","has-post-thumbnail","hentry"],"_links":{"self":[{"href":"https:\/\/pallo.ro\/ro\/wp-json\/wp\/v2\/pages\/706\/"}],"collection":[{"href":"https:\/\/pallo.ro\/ro\/wp-json\/wp\/v2\/pages\/"}],"about":[{"href":"https:\/\/pallo.ro\/ro\/wp-json\/wp\/v2\/types\/page\/"}],"author":[{"embeddable":true,"href":"https:\/\/pallo.ro\/ro\/wp-json\/wp\/v2\/users\/1\/"}],"replies":[{"embeddable":true,"href":"https:\/\/pallo.ro\/ro\/wp-json\/wp\/v2\/comments\/?post=706"}],"version-history":[{"count":4,"href":"https:\/\/pallo.ro\/ro\/wp-json\/wp\/v2\/pages\/706\/revisions\/"}],"predecessor-version":[{"id":860,"href":"https:\/\/pallo.ro\/ro\/wp-json\/wp\/v2\/pages\/706\/revisions\/860\/"}],"wp:featuredmedia":[{"embeddable":true,"href":"https:\/\/pallo.ro\/ro\/wp-json\/wp\/v2\/media\/766\/"}],"wp:attachment":[{"href":"https:\/\/pallo.ro\/ro\/wp-json\/wp\/v2\/media\/?parent=706"}],"curies":[{"name":"wp","href":"https:\/\/api.w.org\/{rel}","templated":true}]}}