{"id":571,"date":"2018-09-28T10:14:24","date_gmt":"2018-09-28T07:14:24","guid":{"rendered":"http:\/\/palloimre.local\/?page_id=571"},"modified":"2018-09-28T10:14:24","modified_gmt":"2018-09-28T07:14:24","slug":"clasa-xii-b","status":"publish","type":"page","link":"https:\/\/pallo.ro\/ro\/clase\/clasa-xii-b\/","title":{"rendered":"Clasa XII. B."},"content":{"rendered":"<p align='center'><span class='classes-page-title'><b>Diriginte: <\/b><\/span><\/p>\n<ol class='multi-column-list-classes'>\n<li><span class='classes-page-li'>\u00c1GOSTON B ANIK\u00d3<\/span><\/li>\n<li><span class='classes-page-li'>ANDR\u00c1S F ANITA<\/span><\/li>\n<li><span class='classes-page-li'>B\u00c1LINT T J\u00daDA-\u00c1KOS<\/span><\/li>\n<li><span class='classes-page-li'>BARAB\u00c1S K ANITA<\/span><\/li>\n<li><span class='classes-page-li'>BARAB\u00c1S K BE\u00c1TA<\/span><\/li>\n<li><span class='classes-page-li'>BEREI S BRIGITTA<\/span><\/li>\n<li><span class='classes-page-li'>D\u00c9NES \u00c1 ERIKA<\/span><\/li>\n<li><span class='classes-page-li'>ELEKES Z ZOLT\u00c1N<\/span><\/li>\n<li><span class='classes-page-li'>ERD\u0150S A ZOLT\u00c1N<\/span><\/li>\n<li><span class='classes-page-li'>G\u00c1BOR E T\u00cdMEA<\/span><\/li>\n<li><span class='classes-page-li'>G\u00c1LL I TIMEA<\/span><\/li>\n<li><span class='classes-page-li'>GERGELY ZS NO\u00c9MI<\/span><\/li>\n<li><span class='classes-page-li'>IMRE E NO\u00c9MI<\/span><\/li>\n<li><span class='classes-page-li'>JAKAB-DEMETER A VIVIENN<\/span><\/li>\n<li><span class='classes-page-li'>KAL\u00c1NYOS F ERVIN<\/span><\/li>\n<li><span class='classes-page-li'>KEINTZEL R FANNI<\/span><\/li>\n<li><span class='classes-page-li'>KEREKES E ILDIK\u00d3<\/span><\/li>\n<li><span class='classes-page-li'>KIS N\u00d3RA<\/span><\/li>\n<li><span class='classes-page-li'>KISS F KINCS\u0150-ILDIK\u00d3<\/span><\/li>\n<li><span class='classes-page-li'>KOV\u00c1CS SZ D\u00c1VID<\/span><\/li>\n<li><span class='classes-page-li'>M\u00c1TH\u00c9 J T\u00cdMEA<\/span><\/li>\n<li><span class='classes-page-li'>MIKL\u00d3S J J\u00c1NOS<\/span><\/li>\n<li><span class='classes-page-li'>P\u00c9TER G LEVENTE<\/span><\/li>\n<li><span class='classes-page-li'>PU\u0218CA\u0218-MAROSSY L BE\u00c1TA<\/span><\/li>\n<li><span class='classes-page-li'>SO\u00d3S C ATTILA<\/span><\/li>\n<li><span class='classes-page-li'>SZAB\u00d3 Z D\u00c1VID<\/span><\/li>\n<li><span class='classes-page-li'>SZILVESZTER GY BRIGITTA<\/span><\/li>\n<li><span class='classes-page-li'>TIF\u00c1N A D\u00c1VID-ATTILA<\/span><\/li>\n<li><span class='classes-page-li'>TIF\u00c1N M D\u00d3RA<\/span><\/li>\n<\/ol>\n","protected":false},"excerpt":{"rendered":"<p>Diriginte: \u00c1GOSTON B ANIK\u00d3 ANDR\u00c1S F ANITA B\u00c1LINT T J\u00daDA-\u00c1KOS BARAB\u00c1S K ANITA BARAB\u00c1S K&#8230;<\/p>\n","protected":false},"author":1,"featured_media":508,"parent":387,"menu_order":26,"comment_status":"closed","ping_status":"closed","template":"classes_page.php","meta":{"_expiration-date-status":"","_expiration-date":0,"_expiration-date-type":"","_expiration-date-categories":[],"_expiration-date-options":[],"footnotes":""},"class_list":["post-571","page","type-page","status-publish","has-post-thumbnail","hentry"],"_links":{"self":[{"href":"https:\/\/pallo.ro\/ro\/wp-json\/wp\/v2\/pages\/571\/"}],"collection":[{"href":"https:\/\/pallo.ro\/ro\/wp-json\/wp\/v2\/pages\/"}],"about":[{"href":"https:\/\/pallo.ro\/ro\/wp-json\/wp\/v2\/types\/page\/"}],"author":[{"embeddable":true,"href":"https:\/\/pallo.ro\/ro\/wp-json\/wp\/v2\/users\/1\/"}],"replies":[{"embeddable":true,"href":"https:\/\/pallo.ro\/ro\/wp-json\/wp\/v2\/comments\/?post=571"}],"version-history":[{"count":1,"href":"https:\/\/pallo.ro\/ro\/wp-json\/wp\/v2\/pages\/571\/revisions\/"}],"predecessor-version":[{"id":573,"href":"https:\/\/pallo.ro\/ro\/wp-json\/wp\/v2\/pages\/571\/revisions\/573\/"}],"up":[{"embeddable":true,"href":"https:\/\/pallo.ro\/ro\/wp-json\/wp\/v2\/pages\/387\/"}],"wp:featuredmedia":[{"embeddable":true,"href":"https:\/\/pallo.ro\/ro\/wp-json\/wp\/v2\/media\/508\/"}],"wp:attachment":[{"href":"https:\/\/pallo.ro\/ro\/wp-json\/wp\/v2\/media\/?parent=571"}],"curies":[{"name":"wp","href":"https:\/\/api.w.org\/{rel}","templated":true}]}}