{"id":558,"date":"2018-09-28T10:13:41","date_gmt":"2018-09-28T07:13:41","guid":{"rendered":"http:\/\/palloimre.local\/?page_id=558"},"modified":"2018-09-28T10:13:41","modified_gmt":"2018-09-28T07:13:41","slug":"clasa-xi-b","status":"publish","type":"page","link":"https:\/\/pallo.ro\/ro\/clase\/clasa-xi-b\/","title":{"rendered":"Clasa XI. B."},"content":{"rendered":"<p align='center'><span class='classes-page-title'><b>Diriginte: <\/b><\/span><\/p>\n<ol class='multi-column-list-classes'>\n<li><span class='classes-page-li'>BACZ\u00d3 ZS N\u00d3RA<\/span><\/li>\n<li><span class='classes-page-li'>B\u00c1LINT L SZILVIA<\/span><\/li>\n<li><span class='classes-page-li'>BERECZKI \u00c1 ZS\u00d3FIA<\/span><\/li>\n<li><span class='classes-page-li'>CS\u00c1KI F VANDA-NO\u00c9MI<\/span><\/li>\n<li><span class='classes-page-li'>CSENDER G ABIG\u00c9L<\/span><\/li>\n<li><span class='classes-page-li'>F\u00c1BI\u00c1N \u00c1 \u00c1RP\u00c1D-K\u00c1ROLY<\/span><\/li>\n<li><span class='classes-page-li'>FANCSALI B ESZTER<\/span><\/li>\n<li><span class='classes-page-li'>G\u00c1LL I REBEKA<\/span><\/li>\n<li><span class='classes-page-li'>HAJD\u00d3 K KINCS\u0150-M\u00c1RIA<\/span><\/li>\n<li><span class='classes-page-li'>HAJD\u00d3 L \u00c1BEL<\/span><\/li>\n<li><span class='classes-page-li'>KEREKES A-\u00d6 \u00d6RS<\/span><\/li>\n<li><span class='classes-page-li'>L\u00c1Z\u00c1R M ORSOLYA<\/span><\/li>\n<li><span class='classes-page-li'>L\u00c1Z\u00c1R M OTTILIA<\/span><\/li>\n<li><span class='classes-page-li'>MAROSSY J CSEKE-TAM\u00c1S<\/span><\/li>\n<li><span class='classes-page-li'>M\u00c1RTON G CSABA<\/span><\/li>\n<li><span class='classes-page-li'>PATAKI L-L ANT\u00d3NIA<\/span><\/li>\n<li><span class='classes-page-li'>SEBESTY\u00c9N-BENCZE Z FRANCISKA<\/span><\/li>\n<li><span class='classes-page-li'>SIPOS G D\u00c1VID-G\u00c1BOR<\/span><\/li>\n<li><span class='classes-page-li'>STOICA G N\u00d3RA-GABRIELLA<\/span><\/li>\n<li><span class='classes-page-li'>SZAB\u00d3 I GERGELY<\/span><\/li>\n<li><span class='classes-page-li'>SZAB\u00d3 I TAMARA-DI\u00c1NA<\/span><\/li>\n<li><span class='classes-page-li'>SZAB\u00d3 J D\u00d3RA-BODZA<\/span><\/li>\n<li><span class='classes-page-li'>SZ\u00c9KELY SZ EL\u0150D<\/span><\/li>\n<li><span class='classes-page-li'>SZOMBATI L BE\u00c1TA<\/span><\/li>\n<li><span class='classes-page-li'>T\u00d6R\u00d6K F KINGA-HANNA<\/span><\/li>\n<li><span class='classes-page-li'>VAJNA A TAM\u00c1S<\/span><\/li>\n<\/ol>\n","protected":false},"excerpt":{"rendered":"<p>Diriginte: BACZ\u00d3 ZS N\u00d3RA B\u00c1LINT L SZILVIA BERECZKI \u00c1 ZS\u00d3FIA CS\u00c1KI F VANDA-NO\u00c9MI CSENDER G&#8230;<\/p>\n","protected":false},"author":1,"featured_media":508,"parent":387,"menu_order":24,"comment_status":"closed","ping_status":"closed","template":"classes_page.php","meta":{"_expiration-date-status":"","_expiration-date":0,"_expiration-date-type":"","_expiration-date-categories":[],"_expiration-date-options":[],"footnotes":""},"class_list":["post-558","page","type-page","status-publish","has-post-thumbnail","hentry"],"_links":{"self":[{"href":"https:\/\/pallo.ro\/ro\/wp-json\/wp\/v2\/pages\/558\/"}],"collection":[{"href":"https:\/\/pallo.ro\/ro\/wp-json\/wp\/v2\/pages\/"}],"about":[{"href":"https:\/\/pallo.ro\/ro\/wp-json\/wp\/v2\/types\/page\/"}],"author":[{"embeddable":true,"href":"https:\/\/pallo.ro\/ro\/wp-json\/wp\/v2\/users\/1\/"}],"replies":[{"embeddable":true,"href":"https:\/\/pallo.ro\/ro\/wp-json\/wp\/v2\/comments\/?post=558"}],"version-history":[{"count":1,"href":"https:\/\/pallo.ro\/ro\/wp-json\/wp\/v2\/pages\/558\/revisions\/"}],"predecessor-version":[{"id":569,"href":"https:\/\/pallo.ro\/ro\/wp-json\/wp\/v2\/pages\/558\/revisions\/569\/"}],"up":[{"embeddable":true,"href":"https:\/\/pallo.ro\/ro\/wp-json\/wp\/v2\/pages\/387\/"}],"wp:featuredmedia":[{"embeddable":true,"href":"https:\/\/pallo.ro\/ro\/wp-json\/wp\/v2\/media\/508\/"}],"wp:attachment":[{"href":"https:\/\/pallo.ro\/ro\/wp-json\/wp\/v2\/media\/?parent=558"}],"curies":[{"name":"wp","href":"https:\/\/api.w.org\/{rel}","templated":true}]}}