{"id":557,"date":"2018-09-28T10:13:33","date_gmt":"2018-09-28T07:13:33","guid":{"rendered":"http:\/\/palloimre.local\/?page_id=557"},"modified":"2018-09-28T10:13:33","modified_gmt":"2018-09-28T07:13:33","slug":"clasa-xi-a","status":"publish","type":"page","link":"https:\/\/pallo.ro\/ro\/clase\/clasa-xi-a\/","title":{"rendered":"Clasa XI. A."},"content":{"rendered":"<p align='center'><span class='classes-page-title'><b>Diriginte: <\/b><\/span><\/p>\n<ol class='multi-column-list-classes'>\n<li><span class='classes-page-li'>B\u00c1LINT S MELINDA<\/span><\/li>\n<li><span class='classes-page-li'>BENK\u0150 R R\u00d3BERT-CARLOS<\/span><\/li>\n<li><span class='classes-page-li'>BOGA F FERENC-NIMR\u00d3D<\/span><\/li>\n<li><span class='classes-page-li'>BOKOR M PETRA<\/span><\/li>\n<li><span class='classes-page-li'>DEMETER S-L DOROTTYA<\/span><\/li>\n<li><span class='classes-page-li'>FORG\u00c1CS CS D\u00c1VID<\/span><\/li>\n<li><span class='classes-page-li'>FRUNZEA I-V \u00c1D\u00c1M-BENCE<\/span><\/li>\n<li><span class='classes-page-li'>G\u00c1BOR J VERONIKA<\/span><\/li>\n<li><span class='classes-page-li'>K\u00c1LM\u00c1N A \u00c1BEL<\/span><\/li>\n<li><span class='classes-page-li'>KAR\u00c1CSONY L L\u00c1SZL\u00d3<\/span><\/li>\n<li><span class='classes-page-li'>KEREKES Z ZOLT\u00c1N<\/span><\/li>\n<li><span class='classes-page-li'>KERESZTES \u00c1 ANDREA<\/span><\/li>\n<li><span class='classes-page-li'>KINCSES K GY\u00d6NGY-ERZS\u00c9BET<\/span><\/li>\n<li><span class='classes-page-li'>L\u0150RINCZ EE D\u00c1VID<\/span><\/li>\n<li><span class='classes-page-li'>M\u00c1RTON A ZSANETT<\/span><\/li>\n<li><span class='classes-page-li'>MESTER Z L\u00d3R\u00c1NT-ZSOLT<\/span><\/li>\n<li><span class='classes-page-li'>NAGY V ANDREA-GABRIELLA<\/span><\/li>\n<li><span class='classes-page-li'>ORB\u00c1N CS ANITA<\/span><\/li>\n<li><span class='classes-page-li'>PAN\u021aIRU I AGNEZA-PAULA<\/span><\/li>\n<li><span class='classes-page-li'>PAP N MIKL\u00d3S<\/span><\/li>\n<li><span class='classes-page-li'>P\u00c9TER L KRISZTINA<\/span><\/li>\n<li><span class='classes-page-li'>PUSK\u00c1S A GERG\u0150<\/span><\/li>\n<li><span class='classes-page-li'>SIM\u00c9N I NIKOLETT<\/span><\/li>\n<li><span class='classes-page-li'>SZAB\u00d3 ZS P\u00c9TER<\/span><\/li>\n<li><span class='classes-page-li'>TAM\u00c1S J MEL\u00c1NIA<\/span><\/li>\n<\/ol>\n","protected":false},"excerpt":{"rendered":"<p>Diriginte: B\u00c1LINT S MELINDA BENK\u0150 R R\u00d3BERT-CARLOS BOGA F FERENC-NIMR\u00d3D BOKOR M PETRA DEMETER S-L&#8230;<\/p>\n","protected":false},"author":1,"featured_media":508,"parent":387,"menu_order":23,"comment_status":"closed","ping_status":"closed","template":"classes_page.php","meta":{"_expiration-date-status":"","_expiration-date":0,"_expiration-date-type":"","_expiration-date-categories":[],"_expiration-date-options":[],"footnotes":""},"class_list":["post-557","page","type-page","status-publish","has-post-thumbnail","hentry"],"_links":{"self":[{"href":"https:\/\/pallo.ro\/ro\/wp-json\/wp\/v2\/pages\/557\/"}],"collection":[{"href":"https:\/\/pallo.ro\/ro\/wp-json\/wp\/v2\/pages\/"}],"about":[{"href":"https:\/\/pallo.ro\/ro\/wp-json\/wp\/v2\/types\/page\/"}],"author":[{"embeddable":true,"href":"https:\/\/pallo.ro\/ro\/wp-json\/wp\/v2\/users\/1\/"}],"replies":[{"embeddable":true,"href":"https:\/\/pallo.ro\/ro\/wp-json\/wp\/v2\/comments\/?post=557"}],"version-history":[{"count":1,"href":"https:\/\/pallo.ro\/ro\/wp-json\/wp\/v2\/pages\/557\/revisions\/"}],"predecessor-version":[{"id":568,"href":"https:\/\/pallo.ro\/ro\/wp-json\/wp\/v2\/pages\/557\/revisions\/568\/"}],"up":[{"embeddable":true,"href":"https:\/\/pallo.ro\/ro\/wp-json\/wp\/v2\/pages\/387\/"}],"wp:featuredmedia":[{"embeddable":true,"href":"https:\/\/pallo.ro\/ro\/wp-json\/wp\/v2\/media\/508\/"}],"wp:attachment":[{"href":"https:\/\/pallo.ro\/ro\/wp-json\/wp\/v2\/media\/?parent=557"}],"curies":[{"name":"wp","href":"https:\/\/api.w.org\/{rel}","templated":true}]}}