{"id":555,"date":"2018-09-28T10:13:11","date_gmt":"2018-09-28T07:13:11","guid":{"rendered":"http:\/\/palloimre.local\/?page_id=555"},"modified":"2018-09-28T10:13:11","modified_gmt":"2018-09-28T07:13:11","slug":"clasa-x-a","status":"publish","type":"page","link":"https:\/\/pallo.ro\/ro\/clase\/clasa-x-a\/","title":{"rendered":"Clasa X. A."},"content":{"rendered":"<p align='center'><span class='classes-page-title'><b>Diriginte: <\/b><\/span><\/p>\n<ol class='multi-column-list-classes'>\n<li><span class='classes-page-li'>BAL\u00c1ZSI J \u00c1GNES<\/span><\/li>\n<li><span class='classes-page-li'>B\u00c1LINT P ANNA<\/span><\/li>\n<li><span class='classes-page-li'>B\u00c1LINT T M\u00c1RTA<\/span><\/li>\n<li><span class='classes-page-li'>BED\u0150 J GERG\u0150<\/span><\/li>\n<li><span class='classes-page-li'>BENCZE ZS KRIST\u00d3F<\/span><\/li>\n<li><span class='classes-page-li'>BEN\u0150 I-R HANNA-VIVIEN<\/span><\/li>\n<li><span class='classes-page-li'>BODURIAN A-J FRUZSINA<\/span><\/li>\n<li><span class='classes-page-li'>BOROS &#8211; NAGY Z EDV\u00c1RD<\/span><\/li>\n<li><span class='classes-page-li'>BULEZ I BRIGITTA<\/span><\/li>\n<li><span class='classes-page-li'>D\u00c1VID L ANNA<\/span><\/li>\n<li><span class='classes-page-li'>DEMETER T-L CSENGE-IZABELLA<\/span><\/li>\n<li><span class='classes-page-li'>GY\u00d6RGYI ZS HAJNAL-CSILLAG<\/span><\/li>\n<li><span class='classes-page-li'>HORV\u00c1TH D N\u00d3RA<\/span><\/li>\n<li><span class='classes-page-li'>KACS\u00d3 J ALFR\u00c9D<\/span><\/li>\n<li><span class='classes-page-li'>K\u00c1POLN\u00c1SI ZSF CSAN\u00c1D-FERENC<\/span><\/li>\n<li><span class='classes-page-li'>KAR\u00c1CSONY J ANNA<\/span><\/li>\n<li><span class='classes-page-li'>KOV\u00c1CS CS P\u00c9TER<\/span><\/li>\n<li><span class='classes-page-li'>KOV\u00c1CS L BENCE<\/span><\/li>\n<li><span class='classes-page-li'>LACZK\u00d3-BENEDEK A CSONGOR<\/span><\/li>\n<li><span class='classes-page-li'>LUK\u00c1CS P \u00c1KOS<\/span><\/li>\n<li><span class='classes-page-li'>MIH\u00c1LYK\u00d3 F-R \u00c1RP\u00c1D<\/span><\/li>\n<li><span class='classes-page-li'>PALK\u00d3 T TAM\u00c1S-TIBOR<\/span><\/li>\n<\/ol>\n","protected":false},"excerpt":{"rendered":"<p>Diriginte: BAL\u00c1ZSI J \u00c1GNES B\u00c1LINT P ANNA B\u00c1LINT T M\u00c1RTA BED\u0150 J GERG\u0150 BENCZE ZS&#8230;<\/p>\n","protected":false},"author":1,"featured_media":508,"parent":387,"menu_order":21,"comment_status":"closed","ping_status":"closed","template":"classes_page.php","meta":{"_expiration-date-status":"","_expiration-date":0,"_expiration-date-type":"","_expiration-date-categories":[],"_expiration-date-options":[],"footnotes":""},"class_list":["post-555","page","type-page","status-publish","has-post-thumbnail","hentry"],"_links":{"self":[{"href":"https:\/\/pallo.ro\/ro\/wp-json\/wp\/v2\/pages\/555\/"}],"collection":[{"href":"https:\/\/pallo.ro\/ro\/wp-json\/wp\/v2\/pages\/"}],"about":[{"href":"https:\/\/pallo.ro\/ro\/wp-json\/wp\/v2\/types\/page\/"}],"author":[{"embeddable":true,"href":"https:\/\/pallo.ro\/ro\/wp-json\/wp\/v2\/users\/1\/"}],"replies":[{"embeddable":true,"href":"https:\/\/pallo.ro\/ro\/wp-json\/wp\/v2\/comments\/?post=555"}],"version-history":[{"count":1,"href":"https:\/\/pallo.ro\/ro\/wp-json\/wp\/v2\/pages\/555\/revisions\/"}],"predecessor-version":[{"id":566,"href":"https:\/\/pallo.ro\/ro\/wp-json\/wp\/v2\/pages\/555\/revisions\/566\/"}],"up":[{"embeddable":true,"href":"https:\/\/pallo.ro\/ro\/wp-json\/wp\/v2\/pages\/387\/"}],"wp:featuredmedia":[{"embeddable":true,"href":"https:\/\/pallo.ro\/ro\/wp-json\/wp\/v2\/media\/508\/"}],"wp:attachment":[{"href":"https:\/\/pallo.ro\/ro\/wp-json\/wp\/v2\/media\/?parent=555"}],"curies":[{"name":"wp","href":"https:\/\/api.w.org\/{rel}","templated":true}]}}