{"id":554,"date":"2018-09-28T10:13:01","date_gmt":"2018-09-28T07:13:01","guid":{"rendered":"http:\/\/palloimre.local\/?page_id=554"},"modified":"2018-09-28T10:13:01","modified_gmt":"2018-09-28T07:13:01","slug":"clasa-ix-b","status":"publish","type":"page","link":"https:\/\/pallo.ro\/ro\/clase\/clasa-ix-b\/","title":{"rendered":"Clasa IX. B."},"content":{"rendered":"<p align='center'><span class='classes-page-title'><b>Diriginte: <\/b><\/span><\/p>\n<ol class='multi-column-list-classes'>\n<li><span class='classes-page-li'>ABR\u00c1N Z LUK\u00c1CS<\/span><\/li>\n<li><span class='classes-page-li'>BORS T FANNI<\/span><\/li>\n<li><span class='classes-page-li'>CS\u00c1KI F ZSUZS\u00c1NNA-VIVIEN<\/span><\/li>\n<li><span class='classes-page-li'>CSISZ\u00c9R I BOTOND<\/span><\/li>\n<li><span class='classes-page-li'>DEMETER ED ZS\u00d3FIA-KINCS\u0150<\/span><\/li>\n<li><span class='classes-page-li'>GED\u0150 FD KRISZTINA-ENIK\u0150<\/span><\/li>\n<li><span class='classes-page-li'>GYURI ZS ANDREA<\/span><\/li>\n<li><span class='classes-page-li'>HAPEK HANNA-VIKT\u00d3RIA<\/span><\/li>\n<li><span class='classes-page-li'>HODGYAI L SZABINA<\/span><\/li>\n<li><span class='classes-page-li'>KINCSES I ISTV\u00c1N-KRISZTI\u00c1N<\/span><\/li>\n<li><span class='classes-page-li'>KISS L BENCE<\/span><\/li>\n<li><span class='classes-page-li'>KOSZTA L B\u00c1LINT<\/span><\/li>\n<li><span class='classes-page-li'>KOZMA F BLANKA<\/span><\/li>\n<li><span class='classes-page-li'>L\u00d6RINCZ DH AGNES<\/span><\/li>\n<li><span class='classes-page-li'>L\u00d6RINCZ E KITTI<\/span><\/li>\n<li><span class='classes-page-li'>MARK\u00d3 \u00c1 HUNOR<\/span><\/li>\n<li><span class='classes-page-li'>M\u00c1RTON A ANNA-BARBARA<\/span><\/li>\n<li><span class='classes-page-li'>MOLNAR I KATALIN<\/span><\/li>\n<li><span class='classes-page-li'>P\u00c1L N EDINA<\/span><\/li>\n<li><span class='classes-page-li'>PAP ZS \u00d6RS<\/span><\/li>\n<li><span class='classes-page-li'>PUSK\u00c1S A BAL\u00c1ZS<\/span><\/li>\n<li><span class='classes-page-li'>SALAT AB KINCS\u0150<\/span><\/li>\n<li><span class='classes-page-li'>S\u00c1NDOR F HANNA<\/span><\/li>\n<li><span class='classes-page-li'>S\u00c1NDOR I SZABOLCS<\/span><\/li>\n<li><span class='classes-page-li'>S\u00c1RA Z REN\u00c1TA<\/span><\/li>\n<li><span class='classes-page-li'>TOTH M J\u00c1CINTA<\/span><\/li>\n<li><span class='classes-page-li'>VAS-TIF\u00c1N GY \u00c1GNES<\/span><\/li>\n<\/ol>\n","protected":false},"excerpt":{"rendered":"<p>Diriginte: ABR\u00c1N Z LUK\u00c1CS BORS T FANNI CS\u00c1KI F ZSUZS\u00c1NNA-VIVIEN CSISZ\u00c9R I BOTOND DEMETER ED&#8230;<\/p>\n","protected":false},"author":1,"featured_media":508,"parent":387,"menu_order":20,"comment_status":"closed","ping_status":"closed","template":"classes_page.php","meta":{"_expiration-date-status":"","_expiration-date":0,"_expiration-date-type":"","_expiration-date-categories":[],"_expiration-date-options":[],"footnotes":""},"class_list":["post-554","page","type-page","status-publish","has-post-thumbnail","hentry"],"_links":{"self":[{"href":"https:\/\/pallo.ro\/ro\/wp-json\/wp\/v2\/pages\/554\/"}],"collection":[{"href":"https:\/\/pallo.ro\/ro\/wp-json\/wp\/v2\/pages\/"}],"about":[{"href":"https:\/\/pallo.ro\/ro\/wp-json\/wp\/v2\/types\/page\/"}],"author":[{"embeddable":true,"href":"https:\/\/pallo.ro\/ro\/wp-json\/wp\/v2\/users\/1\/"}],"replies":[{"embeddable":true,"href":"https:\/\/pallo.ro\/ro\/wp-json\/wp\/v2\/comments\/?post=554"}],"version-history":[{"count":1,"href":"https:\/\/pallo.ro\/ro\/wp-json\/wp\/v2\/pages\/554\/revisions\/"}],"predecessor-version":[{"id":565,"href":"https:\/\/pallo.ro\/ro\/wp-json\/wp\/v2\/pages\/554\/revisions\/565\/"}],"up":[{"embeddable":true,"href":"https:\/\/pallo.ro\/ro\/wp-json\/wp\/v2\/pages\/387\/"}],"wp:featuredmedia":[{"embeddable":true,"href":"https:\/\/pallo.ro\/ro\/wp-json\/wp\/v2\/media\/508\/"}],"wp:attachment":[{"href":"https:\/\/pallo.ro\/ro\/wp-json\/wp\/v2\/media\/?parent=554"}],"curies":[{"name":"wp","href":"https:\/\/api.w.org\/{rel}","templated":true}]}}