{"id":552,"date":"2018-09-28T10:12:36","date_gmt":"2018-09-28T07:12:36","guid":{"rendered":"http:\/\/palloimre.local\/?page_id=552"},"modified":"2018-09-28T10:12:36","modified_gmt":"2018-09-28T07:12:36","slug":"clasa-viii-b","status":"publish","type":"page","link":"https:\/\/pallo.ro\/ro\/clase\/clasa-viii-b\/","title":{"rendered":"Clasa VIII. B."},"content":{"rendered":"<p align='center'><span class='classes-page-title'><b>Diriginte: <\/b><\/span><\/p>\n<ol class='multi-column-list-classes'>\n<li><span class='classes-page-li'>BARAB\u00c1S A D\u00d3RA<\/span><\/li>\n<li><span class='classes-page-li'>BARAB\u00c1S Z VIKT\u00d3RIA<\/span><\/li>\n<li><span class='classes-page-li'>BOD\u00d3 A KAMILLA<\/span><\/li>\n<li><span class='classes-page-li'>BOKOR L TAM\u00c1S-L\u00c1SZL\u00d3<\/span><\/li>\n<li><span class='classes-page-li'>DEBRECZI Z KARINA<\/span><\/li>\n<li><span class='classes-page-li'>D\u00c9NES CS JANKA-NIKOLETT<\/span><\/li>\n<li><span class='classes-page-li'>DOLGA-ADOLFFY B BARNAB\u00c1S<\/span><\/li>\n<li><span class='classes-page-li'>DUKA \u00c9 EM\u0150KE &#8211; ZSUZSANNA<\/span><\/li>\n<li><span class='classes-page-li'>FARKAS I GERG\u0150<\/span><\/li>\n<li><span class='classes-page-li'>GY\u00d6RGY F BE\u00c1TA<\/span><\/li>\n<li><span class='classes-page-li'>GY\u00d6RGY L KAMILLA<\/span><\/li>\n<li><span class='classes-page-li'>GY\u00d6RGYDE\u00c1K G BENCE<\/span><\/li>\n<li><span class='classes-page-li'>JAKAB ZS ADRIENN<\/span><\/li>\n<li><span class='classes-page-li'>KEREKES \u00c1 NIKOLETT<\/span><\/li>\n<li><span class='classes-page-li'>KIR\u00c1LY DGY N\u00d3RA<\/span><\/li>\n<li><span class='classes-page-li'>KOV\u00c1CS L ZSANETT<\/span><\/li>\n<li><span class='classes-page-li'>L\u0150RINCZ A BOGL\u00c1RKA<\/span><\/li>\n<li><span class='classes-page-li'>MARK\u00d3 \u00c1 EMESE<\/span><\/li>\n<li><span class='classes-page-li'>M\u00c1RTON H HUNOR<\/span><\/li>\n<li><span class='classes-page-li'>MIH\u00c1LY L GERTR\u00daD-ANNA<\/span><\/li>\n<li><span class='classes-page-li'>NAGY F D\u00c1NIEL<\/span><\/li>\n<li><span class='classes-page-li'>NAGY I R\u00d3BERT<\/span><\/li>\n<li><span class='classes-page-li'>NYULAS K ANNA<\/span><\/li>\n<li><span class='classes-page-li'>ORB\u00c1N M ANNA-LILLA<\/span><\/li>\n<li><span class='classes-page-li'>P\u00c1L T OL\u00cdVIA<\/span><\/li>\n<li><span class='classes-page-li'>P\u00c1SZTOR J HUBA-FERENC<\/span><\/li>\n<li><span class='classes-page-li'>SZ\u00c9LES F P\u00c9TER<\/span><\/li>\n<li><span class='classes-page-li'>TODOR A BENCE<\/span><\/li>\n<li><span class='classes-page-li'>TOFALVI J PETRA<\/span><\/li>\n<\/ol>\n","protected":false},"excerpt":{"rendered":"<p>Diriginte: BARAB\u00c1S A D\u00d3RA BARAB\u00c1S Z VIKT\u00d3RIA BOD\u00d3 A KAMILLA BOKOR L TAM\u00c1S-L\u00c1SZL\u00d3 DEBRECZI Z&#8230;<\/p>\n","protected":false},"author":1,"featured_media":508,"parent":387,"menu_order":18,"comment_status":"closed","ping_status":"closed","template":"classes_page.php","meta":{"_expiration-date-status":"","_expiration-date":0,"_expiration-date-type":"","_expiration-date-categories":[],"_expiration-date-options":[],"footnotes":""},"class_list":["post-552","page","type-page","status-publish","has-post-thumbnail","hentry"],"_links":{"self":[{"href":"https:\/\/pallo.ro\/ro\/wp-json\/wp\/v2\/pages\/552\/"}],"collection":[{"href":"https:\/\/pallo.ro\/ro\/wp-json\/wp\/v2\/pages\/"}],"about":[{"href":"https:\/\/pallo.ro\/ro\/wp-json\/wp\/v2\/types\/page\/"}],"author":[{"embeddable":true,"href":"https:\/\/pallo.ro\/ro\/wp-json\/wp\/v2\/users\/1\/"}],"replies":[{"embeddable":true,"href":"https:\/\/pallo.ro\/ro\/wp-json\/wp\/v2\/comments\/?post=552"}],"version-history":[{"count":1,"href":"https:\/\/pallo.ro\/ro\/wp-json\/wp\/v2\/pages\/552\/revisions\/"}],"predecessor-version":[{"id":563,"href":"https:\/\/pallo.ro\/ro\/wp-json\/wp\/v2\/pages\/552\/revisions\/563\/"}],"up":[{"embeddable":true,"href":"https:\/\/pallo.ro\/ro\/wp-json\/wp\/v2\/pages\/387\/"}],"wp:featuredmedia":[{"embeddable":true,"href":"https:\/\/pallo.ro\/ro\/wp-json\/wp\/v2\/media\/508\/"}],"wp:attachment":[{"href":"https:\/\/pallo.ro\/ro\/wp-json\/wp\/v2\/media\/?parent=552"}],"curies":[{"name":"wp","href":"https:\/\/api.w.org\/{rel}","templated":true}]}}