{"id":551,"date":"2018-09-28T10:12:16","date_gmt":"2018-09-28T07:12:16","guid":{"rendered":"http:\/\/palloimre.local\/?page_id=551"},"modified":"2018-09-28T10:12:16","modified_gmt":"2018-09-28T07:12:16","slug":"clasa-vii-b","status":"publish","type":"page","link":"https:\/\/pallo.ro\/ro\/clase\/clasa-vii-b\/","title":{"rendered":"Clasa VII. B."},"content":{"rendered":"<p align='center'><span class='classes-page-title'><b>Diriginte: <\/b><\/span><\/p>\n<ol class='multi-column-list-classes'>\n<li><span class='classes-page-li'>AMBRUS M M\u00c1RIA-BERNADETT<\/span><\/li>\n<li><span class='classes-page-li'>BAL\u00c1ZS T TIBOR<\/span><\/li>\n<li><span class='classes-page-li'>BAL\u00c1ZSY J M\u00c1RK<\/span><\/li>\n<li><span class='classes-page-li'>BED\u0150 L ADRIENN<\/span><\/li>\n<li><span class='classes-page-li'>BENCZE V REBEKA<\/span><\/li>\n<li><span class='classes-page-li'>BODOR I IMRE<\/span><\/li>\n<li><span class='classes-page-li'>D\u00c1VID I ORSOLYA<\/span><\/li>\n<li><span class='classes-page-li'>DOBAI IA IRING\u00d3<\/span><\/li>\n<li><span class='classes-page-li'>F\u00c1BI\u00c1N CS J\u00c1ZMIN<\/span><\/li>\n<li><span class='classes-page-li'>GERGELY S ANNA<\/span><\/li>\n<li><span class='classes-page-li'>GY\u00d6RGY A ANITA<\/span><\/li>\n<li><span class='classes-page-li'>GY\u00d6RGYDE\u00c1K E J\u00c1ZMIN<\/span><\/li>\n<li><span class='classes-page-li'>L\u00c1SZL\u00d3 \u00c1 ZSANETT<\/span><\/li>\n<li><span class='classes-page-li'>L\u00d6RINCZ DH ANDREA<\/span><\/li>\n<li><span class='classes-page-li'>M\u00c1RKON PI \u00c1GNES<\/span><\/li>\n<li><span class='classes-page-li'>M\u00c1TH\u00c9 B CSILLA-J\u00c1ZMIN<\/span><\/li>\n<li><span class='classes-page-li'>MOLN\u00c1R I \u00c1GNES<\/span><\/li>\n<li><span class='classes-page-li'>MOLN\u00c1R I VERONIKA<\/span><\/li>\n<li><span class='classes-page-li'>NAGY-HOLL\u00d3SY CS TAMARA<\/span><\/li>\n<li><span class='classes-page-li'>S\u00c1NDOR I P\u00c1L<\/span><\/li>\n<li><span class='classes-page-li'>SIM\u00d3 L ISTV\u00c1N<\/span><\/li>\n<li><span class='classes-page-li'>SZAB\u00d3 GY SZIL\u00c1RD<\/span><\/li>\n<li><span class='classes-page-li'>SZAB\u00d3 T NAOMI<\/span><\/li>\n<li><span class='classes-page-li'>SZAB\u00d3 ZS M\u00c1T\u00c9<\/span><\/li>\n<li><span class='classes-page-li'>SZ\u00c1SZ J BOGL\u00c1RKA<\/span><\/li>\n<li><span class='classes-page-li'>SZ\u0150CS J ALEXANDRA<\/span><\/li>\n<li><span class='classes-page-li'>T\u00d6R\u00d6K A REN\u00c1TA<\/span><\/li>\n<li><span class='classes-page-li'>VERESTOY D \u00c1RP\u00c1D<\/span><\/li>\n<\/ol>\n","protected":false},"excerpt":{"rendered":"<p>Diriginte: AMBRUS M M\u00c1RIA-BERNADETT BAL\u00c1ZS T TIBOR BAL\u00c1ZSY J M\u00c1RK BED\u0150 L ADRIENN BENCZE V&#8230;<\/p>\n","protected":false},"author":1,"featured_media":508,"parent":387,"menu_order":16,"comment_status":"closed","ping_status":"closed","template":"classes_page.php","meta":{"_expiration-date-status":"","_expiration-date":0,"_expiration-date-type":"","_expiration-date-categories":[],"_expiration-date-options":[],"footnotes":""},"class_list":["post-551","page","type-page","status-publish","has-post-thumbnail","hentry"],"_links":{"self":[{"href":"https:\/\/pallo.ro\/ro\/wp-json\/wp\/v2\/pages\/551\/"}],"collection":[{"href":"https:\/\/pallo.ro\/ro\/wp-json\/wp\/v2\/pages\/"}],"about":[{"href":"https:\/\/pallo.ro\/ro\/wp-json\/wp\/v2\/types\/page\/"}],"author":[{"embeddable":true,"href":"https:\/\/pallo.ro\/ro\/wp-json\/wp\/v2\/users\/1\/"}],"replies":[{"embeddable":true,"href":"https:\/\/pallo.ro\/ro\/wp-json\/wp\/v2\/comments\/?post=551"}],"version-history":[{"count":1,"href":"https:\/\/pallo.ro\/ro\/wp-json\/wp\/v2\/pages\/551\/revisions\/"}],"predecessor-version":[{"id":561,"href":"https:\/\/pallo.ro\/ro\/wp-json\/wp\/v2\/pages\/551\/revisions\/561\/"}],"up":[{"embeddable":true,"href":"https:\/\/pallo.ro\/ro\/wp-json\/wp\/v2\/pages\/387\/"}],"wp:featuredmedia":[{"embeddable":true,"href":"https:\/\/pallo.ro\/ro\/wp-json\/wp\/v2\/media\/508\/"}],"wp:attachment":[{"href":"https:\/\/pallo.ro\/ro\/wp-json\/wp\/v2\/media\/?parent=551"}],"curies":[{"name":"wp","href":"https:\/\/api.w.org\/{rel}","templated":true}]}}