{"id":550,"date":"2018-09-28T10:12:26","date_gmt":"2018-09-28T07:12:26","guid":{"rendered":"http:\/\/palloimre.local\/?page_id=550"},"modified":"2018-09-28T10:12:26","modified_gmt":"2018-09-28T07:12:26","slug":"clasa-viii-a","status":"publish","type":"page","link":"https:\/\/pallo.ro\/ro\/clase\/clasa-viii-a\/","title":{"rendered":"Clasa VIII. A."},"content":{"rendered":"<p align='center'><span class='classes-page-title'><b>Diriginte: <\/b><\/span><\/p>\n<ol class='multi-column-list-classes'>\n<li><span class='classes-page-li'>ANDR\u00c1S P T\u00dcNDE<\/span><\/li>\n<li><span class='classes-page-li'>BAL\u00d3-HADNAGY J M\u00c1RK<\/span><\/li>\n<li><span class='classes-page-li'>BENEDEK LZ ORSOLYA-NO\u00c9MI<\/span><\/li>\n<li><span class='classes-page-li'>BIR\u00d3 I ESZTER<\/span><\/li>\n<li><span class='classes-page-li'>BIRO I KL\u00c1RA-ADRIENN<\/span><\/li>\n<li><span class='classes-page-li'>BOTH J EV\u00d3DIA-TIMEA<\/span><\/li>\n<li><span class='classes-page-li'>CSIKI I ZS\u00d3FIA<\/span><\/li>\n<li><span class='classes-page-li'>DE\u00c1K L BOGL\u00c1RKA<\/span><\/li>\n<li><span class='classes-page-li'>DE\u00c1K M L\u00c1SZL\u00d3<\/span><\/li>\n<li><span class='classes-page-li'>ELEKES ZS P\u00c9TER<\/span><\/li>\n<li><span class='classes-page-li'>FILEP M Z\u00c9T\u00c9NY-\u00c1RON<\/span><\/li>\n<li><span class='classes-page-li'>GER\u00c9B CS \u00dcNIGE-ORSOLYA<\/span><\/li>\n<li><span class='classes-page-li'>GERGELY A KRISZTI\u00c1N<\/span><\/li>\n<li><span class='classes-page-li'>GERGELY ZS PANNA<\/span><\/li>\n<li><span class='classes-page-li'>HAJD\u00d3 S R\u00c9KA<\/span><\/li>\n<li><span class='classes-page-li'>ILY\u00c9S I ORSOLYA<\/span><\/li>\n<li><span class='classes-page-li'>KEREKES Z BENCE<\/span><\/li>\n<li><span class='classes-page-li'>MAGYARI R BERNADETT<\/span><\/li>\n<li><span class='classes-page-li'>MAROSI B DINA<\/span><\/li>\n<li><span class='classes-page-li'>M\u00c1RTON I BRIGITTA<\/span><\/li>\n<li><span class='classes-page-li'>M\u00c1RTON L KINCS\u0150<\/span><\/li>\n<li><span class='classes-page-li'>MOLN\u00c1R ZS M\u00c1TY\u00c1S<\/span><\/li>\n<li><span class='classes-page-li'>R\u00c9M\u00c1N L DOROTTYA<\/span><\/li>\n<li><span class='classes-page-li'>S\u00c1NDOR E TAM\u00c1S<\/span><\/li>\n<li><span class='classes-page-li'>SIPOS L BORB\u00c1LA<\/span><\/li>\n<li><span class='classes-page-li'>SZ\u00c1SZ L BOGL\u00c1RKA<\/span><\/li>\n<li><span class='classes-page-li'>TIF\u00c1N CSG ANNA<\/span><\/li>\n<li><span class='classes-page-li'>T\u00d6R\u00d6K F \u00c1KOS<\/span><\/li>\n<li><span class='classes-page-li'>VAJDA A ATTILA<\/span><\/li>\n<\/ol>\n","protected":false},"excerpt":{"rendered":"<p>Diriginte: ANDR\u00c1S P T\u00dcNDE BAL\u00d3-HADNAGY J M\u00c1RK BENEDEK LZ ORSOLYA-NO\u00c9MI BIR\u00d3 I ESZTER BIRO I&#8230;<\/p>\n","protected":false},"author":1,"featured_media":508,"parent":387,"menu_order":17,"comment_status":"closed","ping_status":"closed","template":"classes_page.php","meta":{"_expiration-date-status":"","_expiration-date":0,"_expiration-date-type":"","_expiration-date-categories":[],"_expiration-date-options":[],"footnotes":""},"class_list":["post-550","page","type-page","status-publish","has-post-thumbnail","hentry"],"_links":{"self":[{"href":"https:\/\/pallo.ro\/ro\/wp-json\/wp\/v2\/pages\/550\/"}],"collection":[{"href":"https:\/\/pallo.ro\/ro\/wp-json\/wp\/v2\/pages\/"}],"about":[{"href":"https:\/\/pallo.ro\/ro\/wp-json\/wp\/v2\/types\/page\/"}],"author":[{"embeddable":true,"href":"https:\/\/pallo.ro\/ro\/wp-json\/wp\/v2\/users\/1\/"}],"replies":[{"embeddable":true,"href":"https:\/\/pallo.ro\/ro\/wp-json\/wp\/v2\/comments\/?post=550"}],"version-history":[{"count":1,"href":"https:\/\/pallo.ro\/ro\/wp-json\/wp\/v2\/pages\/550\/revisions\/"}],"predecessor-version":[{"id":562,"href":"https:\/\/pallo.ro\/ro\/wp-json\/wp\/v2\/pages\/550\/revisions\/562\/"}],"up":[{"embeddable":true,"href":"https:\/\/pallo.ro\/ro\/wp-json\/wp\/v2\/pages\/387\/"}],"wp:featuredmedia":[{"embeddable":true,"href":"https:\/\/pallo.ro\/ro\/wp-json\/wp\/v2\/media\/508\/"}],"wp:attachment":[{"href":"https:\/\/pallo.ro\/ro\/wp-json\/wp\/v2\/media\/?parent=550"}],"curies":[{"name":"wp","href":"https:\/\/api.w.org\/{rel}","templated":true}]}}