{"id":549,"date":"2018-09-28T10:12:00","date_gmt":"2018-09-28T07:12:00","guid":{"rendered":"http:\/\/palloimre.local\/?page_id=549"},"modified":"2018-09-28T10:12:00","modified_gmt":"2018-09-28T07:12:00","slug":"clasa-vi-b","status":"publish","type":"page","link":"https:\/\/pallo.ro\/ro\/clase\/clasa-vi-b\/","title":{"rendered":"Clasa VI. B."},"content":{"rendered":"<p align='center'><span class='classes-page-title'><b>Diriginte: <\/b><\/span><\/p>\n<ol class='multi-column-list-classes'>\n<li><span class='classes-page-li'>ALBERT I FANNI<\/span><\/li>\n<li><span class='classes-page-li'>ANTAL I BE\u00c1TA<\/span><\/li>\n<li><span class='classes-page-li'>B\u00c1LINT-ZERKULA B REN\u00c1TA<\/span><\/li>\n<li><span class='classes-page-li'>BENEDEK E N\u00d3RA<\/span><\/li>\n<li><span class='classes-page-li'>BIR\u00d3 S FRUZSINA<\/span><\/li>\n<li><span class='classes-page-li'>D\u00c9NES GY ERIKA<\/span><\/li>\n<li><span class='classes-page-li'>DERZSI D M\u00c1TY\u00c1S<\/span><\/li>\n<li><span class='classes-page-li'>DERZSI J KRISZTINA<\/span><\/li>\n<li><span class='classes-page-li'>GER\u00c9B G ENDRE<\/span><\/li>\n<li><span class='classes-page-li'>GY\u00d3RFFY I ALIZ<\/span><\/li>\n<li><span class='classes-page-li'>GY\u00d6RGY A L\u00c1SZL\u00d3<\/span><\/li>\n<li><span class='classes-page-li'>J\u00d3ZSA L M\u00c1TY\u00c1S<\/span><\/li>\n<li><span class='classes-page-li'>K\u00c1BA A ZOLT\u00c1N<\/span><\/li>\n<li><span class='classes-page-li'>K\u00c1D\u00c1R B \u00c1GNES<\/span><\/li>\n<li><span class='classes-page-li'>KEREKES A CSENGE<\/span><\/li>\n<li><span class='classes-page-li'>KEREKES \u00c1 KRISZTA<\/span><\/li>\n<li><span class='classes-page-li'>KERES\u0150 F R\u00c9KA<\/span><\/li>\n<li><span class='classes-page-li'>KOV\u00c1CS A T\u00cdMEA<\/span><\/li>\n<li><span class='classes-page-li'>MAJLA A HAJNA<\/span><\/li>\n<li><span class='classes-page-li'>M\u00c1RTON L IRING\u00d3<\/span><\/li>\n<li><span class='classes-page-li'>M\u00c1T\u00c9 B BAL\u00c1ZS<\/span><\/li>\n<li><span class='classes-page-li'>MOLN\u00c1R THIESS CS M\u00c1TY\u00c1S<\/span><\/li>\n<li><span class='classes-page-li'>RAVASZ I BOGL\u00c1RKA<\/span><\/li>\n<li><span class='classes-page-li'>SOOS K VANDA-S\u00c1RA<\/span><\/li>\n<\/ol>\n","protected":false},"excerpt":{"rendered":"<p>Diriginte: ALBERT I FANNI ANTAL I BE\u00c1TA B\u00c1LINT-ZERKULA B REN\u00c1TA BENEDEK E N\u00d3RA BIR\u00d3 S&#8230;<\/p>\n","protected":false},"author":1,"featured_media":508,"parent":387,"menu_order":14,"comment_status":"closed","ping_status":"closed","template":"classes_page.php","meta":{"_expiration-date-status":"","_expiration-date":0,"_expiration-date-type":"","_expiration-date-categories":[],"_expiration-date-options":[],"footnotes":""},"class_list":["post-549","page","type-page","status-publish","has-post-thumbnail","hentry"],"_links":{"self":[{"href":"https:\/\/pallo.ro\/ro\/wp-json\/wp\/v2\/pages\/549\/"}],"collection":[{"href":"https:\/\/pallo.ro\/ro\/wp-json\/wp\/v2\/pages\/"}],"about":[{"href":"https:\/\/pallo.ro\/ro\/wp-json\/wp\/v2\/types\/page\/"}],"author":[{"embeddable":true,"href":"https:\/\/pallo.ro\/ro\/wp-json\/wp\/v2\/users\/1\/"}],"replies":[{"embeddable":true,"href":"https:\/\/pallo.ro\/ro\/wp-json\/wp\/v2\/comments\/?post=549"}],"version-history":[{"count":1,"href":"https:\/\/pallo.ro\/ro\/wp-json\/wp\/v2\/pages\/549\/revisions\/"}],"predecessor-version":[{"id":559,"href":"https:\/\/pallo.ro\/ro\/wp-json\/wp\/v2\/pages\/549\/revisions\/559\/"}],"up":[{"embeddable":true,"href":"https:\/\/pallo.ro\/ro\/wp-json\/wp\/v2\/pages\/387\/"}],"wp:featuredmedia":[{"embeddable":true,"href":"https:\/\/pallo.ro\/ro\/wp-json\/wp\/v2\/media\/508\/"}],"wp:attachment":[{"href":"https:\/\/pallo.ro\/ro\/wp-json\/wp\/v2\/media\/?parent=549"}],"curies":[{"name":"wp","href":"https:\/\/api.w.org\/{rel}","templated":true}]}}