{"id":548,"date":"2018-09-28T10:12:07","date_gmt":"2018-09-28T07:12:07","guid":{"rendered":"http:\/\/palloimre.local\/?page_id=548"},"modified":"2018-09-28T10:12:07","modified_gmt":"2018-09-28T07:12:07","slug":"clasa-vii-a","status":"publish","type":"page","link":"https:\/\/pallo.ro\/ro\/clase\/clasa-vii-a\/","title":{"rendered":"Clasa VII. A."},"content":{"rendered":"<p align='center'><span class='classes-page-title'><b>Diriginte: <\/b><\/span><\/p>\n<ol class='multi-column-list-classes'>\n<li><span class='classes-page-li'>AGH F CSENGELE-ADRIENN<\/span><\/li>\n<li><span class='classes-page-li'>BERECZ E EDLYNNE-VICTORIA<\/span><\/li>\n<li><span class='classes-page-li'>GYER\u0150 A L\u00c1Z\u00c1R<\/span><\/li>\n<li><span class='classes-page-li'>GY\u00d6RFFI L-M ANNABELLA<\/span><\/li>\n<li><span class='classes-page-li'>GY\u00d6RGY L VIKT\u00d3RIA<\/span><\/li>\n<li><span class='classes-page-li'>JUH\u00c1SZ Z ZSELYKE<\/span><\/li>\n<li><span class='classes-page-li'>KARDOS P P\u00c9TER<\/span><\/li>\n<li><span class='classes-page-li'>KARSAI ZS-GY FANNI<\/span><\/li>\n<li><span class='classes-page-li'>KULCS\u00c1R L \u00c1D\u00c1M<\/span><\/li>\n<li><span class='classes-page-li'>L\u00c1SZL\u00d3 J ANITA<\/span><\/li>\n<li><span class='classes-page-li'>L\u0150RINCZ A \u00c1D\u00c1M<\/span><\/li>\n<li><span class='classes-page-li'>L\u0150RINCZ L ANITA-IZABELLA<\/span><\/li>\n<li><span class='classes-page-li'>M\u00c1T\u00c9 Z PETRA<\/span><\/li>\n<li><span class='classes-page-li'>NEMES-KIS L \u00c1KOS<\/span><\/li>\n<li><span class='classes-page-li'>P\u00c1L K D\u00d3RA-BOGL\u00c1RKA<\/span><\/li>\n<li><span class='classes-page-li'>PAP M M\u00c1TY\u00c1S<\/span><\/li>\n<li><span class='classes-page-li'>T\u00c1NCZOS T CSAN\u00c1D<\/span><\/li>\n<li><span class='classes-page-li'>T\u00d3TH A KAMILLA<\/span><\/li>\n<\/ol>\n","protected":false},"excerpt":{"rendered":"<p>Diriginte: AGH F CSENGELE-ADRIENN BERECZ E EDLYNNE-VICTORIA GYER\u0150 A L\u00c1Z\u00c1R GY\u00d6RFFI L-M ANNABELLA GY\u00d6RGY L&#8230;<\/p>\n","protected":false},"author":1,"featured_media":508,"parent":387,"menu_order":15,"comment_status":"closed","ping_status":"closed","template":"classes_page.php","meta":{"_expiration-date-status":"","_expiration-date":0,"_expiration-date-type":"","_expiration-date-categories":[],"_expiration-date-options":[],"footnotes":""},"class_list":["post-548","page","type-page","status-publish","has-post-thumbnail","hentry"],"_links":{"self":[{"href":"https:\/\/pallo.ro\/ro\/wp-json\/wp\/v2\/pages\/548\/"}],"collection":[{"href":"https:\/\/pallo.ro\/ro\/wp-json\/wp\/v2\/pages\/"}],"about":[{"href":"https:\/\/pallo.ro\/ro\/wp-json\/wp\/v2\/types\/page\/"}],"author":[{"embeddable":true,"href":"https:\/\/pallo.ro\/ro\/wp-json\/wp\/v2\/users\/1\/"}],"replies":[{"embeddable":true,"href":"https:\/\/pallo.ro\/ro\/wp-json\/wp\/v2\/comments\/?post=548"}],"version-history":[{"count":1,"href":"https:\/\/pallo.ro\/ro\/wp-json\/wp\/v2\/pages\/548\/revisions\/"}],"predecessor-version":[{"id":560,"href":"https:\/\/pallo.ro\/ro\/wp-json\/wp\/v2\/pages\/548\/revisions\/560\/"}],"up":[{"embeddable":true,"href":"https:\/\/pallo.ro\/ro\/wp-json\/wp\/v2\/pages\/387\/"}],"wp:featuredmedia":[{"embeddable":true,"href":"https:\/\/pallo.ro\/ro\/wp-json\/wp\/v2\/media\/508\/"}],"wp:attachment":[{"href":"https:\/\/pallo.ro\/ro\/wp-json\/wp\/v2\/media\/?parent=548"}],"curies":[{"name":"wp","href":"https:\/\/api.w.org\/{rel}","templated":true}]}}