{"id":541,"date":"2018-09-28T10:10:15","date_gmt":"2018-09-28T07:10:15","guid":{"rendered":"http:\/\/palloimre.local\/?page_id=541"},"modified":"2018-09-28T10:10:15","modified_gmt":"2018-09-28T07:10:15","slug":"clasa-v-a","status":"publish","type":"page","link":"https:\/\/pallo.ro\/ro\/clase\/clasa-v-a\/","title":{"rendered":"Clasa V. A."},"content":{"rendered":"<p align='center'><span class='classes-page-title'><b>Diriginte: <\/b><\/span><\/p>\n<ol class='multi-column-list-classes'>\n<li><span class='classes-page-li'>BALLOK O BOR\u00d3KA<\/span><\/li>\n<li><span class='classes-page-li'>B\u00c1N &#8211; BENEDEK I MAR\u00d3T<\/span><\/li>\n<li><span class='classes-page-li'>B\u00d6JTHE L KAMILLA<\/span><\/li>\n<li><span class='classes-page-li'>B\u00d6Z\u00d6DI A J\u00c1ZMIN N\u00d3RA<\/span><\/li>\n<li><span class='classes-page-li'>CSONT B BOTOND &#8211; GERGELY<\/span><\/li>\n<li><span class='classes-page-li'>D\u00c1VID L KEN\u00c9Z<\/span><\/li>\n<li><span class='classes-page-li'>DOLGA-ADOLFFY B B\u00cdBOR &#8211; KATINKA<\/span><\/li>\n<li><span class='classes-page-li'>F\u00dcL\u00d6P A KATALIN<\/span><\/li>\n<li><span class='classes-page-li'>GERGELY A SZIL\u00c1RD<\/span><\/li>\n<li><span class='classes-page-li'>KARDOS A D\u00c1VID<\/span><\/li>\n<li><span class='classes-page-li'>KISS A D\u00d3RA<\/span><\/li>\n<li><span class='classes-page-li'>KRISTOF B REBEKA JOL\u00c1N<\/span><\/li>\n<li><span class='classes-page-li'>L\u00c1SZL\u00d3 A KATINKA<\/span><\/li>\n<li><span class='classes-page-li'>L\u0150RINCZI B \u00c1GOTA<\/span><\/li>\n<li><span class='classes-page-li'>MAROSI B ZSUZSA<\/span><\/li>\n<li><span class='classes-page-li'>MIH\u00c1LYK\u00d3 F-R ISTV\u00c1N<\/span><\/li>\n<li><span class='classes-page-li'>NYULAS K CSAN\u00c1D<\/span><\/li>\n<li><span class='classes-page-li'>PAP N B\u00c1TOR<\/span><\/li>\n<li><span class='classes-page-li'>SZ\u00c1SZ JA KINCS\u0150 M\u00c1RIA<\/span><\/li>\n<li><span class='classes-page-li'>TARCSAFALVI D TAM\u00c1S<\/span><\/li>\n<li><span class='classes-page-li'>T\u00d6R\u00d6K Z TAM\u00c1S KRISZTI\u00c1N<\/span><\/li>\n<\/ol>\n","protected":false},"excerpt":{"rendered":"<p>Diriginte: BALLOK O BOR\u00d3KA B\u00c1N &#8211; BENEDEK I MAR\u00d3T B\u00d6JTHE L KAMILLA B\u00d6Z\u00d6DI A J\u00c1ZMIN&#8230;<\/p>\n","protected":false},"author":1,"featured_media":507,"parent":387,"menu_order":11,"comment_status":"closed","ping_status":"closed","template":"classes_page.php","meta":{"_expiration-date-status":"","_expiration-date":0,"_expiration-date-type":"","_expiration-date-categories":[],"_expiration-date-options":[],"footnotes":""},"class_list":["post-541","page","type-page","status-publish","has-post-thumbnail","hentry"],"_links":{"self":[{"href":"https:\/\/pallo.ro\/ro\/wp-json\/wp\/v2\/pages\/541\/"}],"collection":[{"href":"https:\/\/pallo.ro\/ro\/wp-json\/wp\/v2\/pages\/"}],"about":[{"href":"https:\/\/pallo.ro\/ro\/wp-json\/wp\/v2\/types\/page\/"}],"author":[{"embeddable":true,"href":"https:\/\/pallo.ro\/ro\/wp-json\/wp\/v2\/users\/1\/"}],"replies":[{"embeddable":true,"href":"https:\/\/pallo.ro\/ro\/wp-json\/wp\/v2\/comments\/?post=541"}],"version-history":[{"count":1,"href":"https:\/\/pallo.ro\/ro\/wp-json\/wp\/v2\/pages\/541\/revisions\/"}],"predecessor-version":[{"id":545,"href":"https:\/\/pallo.ro\/ro\/wp-json\/wp\/v2\/pages\/541\/revisions\/545\/"}],"up":[{"embeddable":true,"href":"https:\/\/pallo.ro\/ro\/wp-json\/wp\/v2\/pages\/387\/"}],"wp:featuredmedia":[{"embeddable":true,"href":"https:\/\/pallo.ro\/ro\/wp-json\/wp\/v2\/media\/507\/"}],"wp:attachment":[{"href":"https:\/\/pallo.ro\/ro\/wp-json\/wp\/v2\/media\/?parent=541"}],"curies":[{"name":"wp","href":"https:\/\/api.w.org\/{rel}","templated":true}]}}