{"id":540,"date":"2018-09-28T10:10:37","date_gmt":"2018-09-28T07:10:37","guid":{"rendered":"http:\/\/palloimre.local\/?page_id=540"},"modified":"2018-09-28T10:10:37","modified_gmt":"2018-09-28T07:10:37","slug":"clasa-vi-a","status":"publish","type":"page","link":"https:\/\/pallo.ro\/ro\/clase\/clasa-vi-a\/","title":{"rendered":"Clasa VI. A."},"content":{"rendered":"<p align='center'><span class='classes-page-title'><b>Diriginte: <\/b><\/span><\/p>\n<ol class='multi-column-list-classes'>\n<li><span class='classes-page-li'>DEMETER A ESZTER<\/span><\/li>\n<li><span class='classes-page-li'>FANCSALI CS HORTENZIA-ANGEL<\/span><\/li>\n<li><span class='classes-page-li'>FARKAS I DOROTTYA<\/span><\/li>\n<li><span class='classes-page-li'>GECZ\u0150 V ANDREA VIKT\u00d3RIA<\/span><\/li>\n<li><span class='classes-page-li'>K\u00c1POLN\u00c1SI ZS ORSOLYA-KINGA<\/span><\/li>\n<li><span class='classes-page-li'>KOV\u00c1CS I \u00c1RON<\/span><\/li>\n<li><span class='classes-page-li'>KOZ\u00c1K S M\u00c1T\u00c9<\/span><\/li>\n<li><span class='classes-page-li'>L\u00c1SZL\u00d3FFY \u00c1 TAM\u00c1S<\/span><\/li>\n<li><span class='classes-page-li'>M\u00c1RTON A \u00c9VA BOR\u00d3KA<\/span><\/li>\n<li><span class='classes-page-li'>M\u00c1TY\u00c1S D BERNADETT<\/span><\/li>\n<li><span class='classes-page-li'>NAGY I DORKA PANNA<\/span><\/li>\n<li><span class='classes-page-li'>NAGY P ZS\u00d3FIA<\/span><\/li>\n<li><span class='classes-page-li'>OLTI A \u00c1GOTA<\/span><\/li>\n<li><span class='classes-page-li'>P\u00c1LFI J ESZTER<\/span><\/li>\n<li><span class='classes-page-li'>S\u00c1NDOR M R\u00c9KA<\/span><\/li>\n<li><span class='classes-page-li'>SEB\u0150K T M\u00c1RTON<\/span><\/li>\n<li><span class='classes-page-li'>SZ\u00c1SZ \u00d6 EL\u0150D LEVENTE<\/span><\/li>\n<li><span class='classes-page-li'>SZEGEDI L KRIST\u00d3F<\/span><\/li>\n<\/ol>\n","protected":false},"excerpt":{"rendered":"<p>Diriginte: DEMETER A ESZTER FANCSALI CS HORTENZIA-ANGEL FARKAS I DOROTTYA GECZ\u0150 V ANDREA VIKT\u00d3RIA K\u00c1POLN\u00c1SI&#8230;<\/p>\n","protected":false},"author":1,"featured_media":508,"parent":387,"menu_order":13,"comment_status":"closed","ping_status":"closed","template":"classes_page.php","meta":{"_expiration-date-status":"","_expiration-date":0,"_expiration-date-type":"","_expiration-date-categories":[],"_expiration-date-options":[],"footnotes":""},"class_list":["post-540","page","type-page","status-publish","has-post-thumbnail","hentry"],"_links":{"self":[{"href":"https:\/\/pallo.ro\/ro\/wp-json\/wp\/v2\/pages\/540\/"}],"collection":[{"href":"https:\/\/pallo.ro\/ro\/wp-json\/wp\/v2\/pages\/"}],"about":[{"href":"https:\/\/pallo.ro\/ro\/wp-json\/wp\/v2\/types\/page\/"}],"author":[{"embeddable":true,"href":"https:\/\/pallo.ro\/ro\/wp-json\/wp\/v2\/users\/1\/"}],"replies":[{"embeddable":true,"href":"https:\/\/pallo.ro\/ro\/wp-json\/wp\/v2\/comments\/?post=540"}],"version-history":[{"count":1,"href":"https:\/\/pallo.ro\/ro\/wp-json\/wp\/v2\/pages\/540\/revisions\/"}],"predecessor-version":[{"id":547,"href":"https:\/\/pallo.ro\/ro\/wp-json\/wp\/v2\/pages\/540\/revisions\/547\/"}],"up":[{"embeddable":true,"href":"https:\/\/pallo.ro\/ro\/wp-json\/wp\/v2\/pages\/387\/"}],"wp:featuredmedia":[{"embeddable":true,"href":"https:\/\/pallo.ro\/ro\/wp-json\/wp\/v2\/media\/508\/"}],"wp:attachment":[{"href":"https:\/\/pallo.ro\/ro\/wp-json\/wp\/v2\/media\/?parent=540"}],"curies":[{"name":"wp","href":"https:\/\/api.w.org\/{rel}","templated":true}]}}