{"id":539,"date":"2018-09-28T10:10:26","date_gmt":"2018-09-28T07:10:26","guid":{"rendered":"http:\/\/palloimre.local\/?page_id=539"},"modified":"2018-09-28T10:10:26","modified_gmt":"2018-09-28T07:10:26","slug":"clasa-v-b","status":"publish","type":"page","link":"https:\/\/pallo.ro\/ro\/clase\/clasa-v-b\/","title":{"rendered":"Clasa V. B."},"content":{"rendered":"<p align='center'><span class='classes-page-title'><b>Diriginte: <\/b><\/span><\/p>\n<ol class='multi-column-list-classes'>\n<li><span class='classes-page-li'>BAKK A TAM\u00c1S<\/span><\/li>\n<li><span class='classes-page-li'>B\u00c1LINT A GYOP\u00c1R<\/span><\/li>\n<li><span class='classes-page-li'>D\u00c1VID I N\u00d3RA<\/span><\/li>\n<li><span class='classes-page-li'>FANCSALI J S\u00c1RA FANNI<\/span><\/li>\n<li><span class='classes-page-li'>FARKAS I LILLA FANNI<\/span><\/li>\n<li><span class='classes-page-li'>GALATZ J ZS\u00d3FIA<\/span><\/li>\n<li><span class='classes-page-li'>GERGELY A HANNA PETRA<\/span><\/li>\n<li><span class='classes-page-li'>GID\u00d3 L BENCE<\/span><\/li>\n<li><span class='classes-page-li'>HADNAGY E KLEMENTINA<\/span><\/li>\n<li><span class='classes-page-li'>KATONA S L\u00c9NA<\/span><\/li>\n<li><span class='classes-page-li'>K\u00d6RM\u00d6CZI G NIKOLETT<\/span><\/li>\n<li><span class='classes-page-li'>LUK\u00c1CS I LUCA<\/span><\/li>\n<li><span class='classes-page-li'>M\u00c1TH\u00c9 B BOGL\u00c1RKA<\/span><\/li>\n<li><span class='classes-page-li'>M\u00c1TY\u00c1S T D\u00c1NIEL<\/span><\/li>\n<li><span class='classes-page-li'>M\u00d3ZES R HANNA<\/span><\/li>\n<li><span class='classes-page-li'>P\u00c1L L ARNOLD<\/span><\/li>\n<li><span class='classes-page-li'>PAP A BAL\u00c1ZS<\/span><\/li>\n<li><span class='classes-page-li'>P\u00c9TER E BARBARA<\/span><\/li>\n<li><span class='classes-page-li'>SIM\u00c9N I ARNOLD<\/span><\/li>\n<li><span class='classes-page-li'>SUCIU A HENRIETTA &#8211; M\u00c1RIA<\/span><\/li>\n<li><span class='classes-page-li'>SZAB\u00d3 Z HUNOR<\/span><\/li>\n<li><span class='classes-page-li'>TAM\u00c1S A NO\u00c9MI<\/span><\/li>\n<li><span class='classes-page-li'>TO\u00c1S\u00d3 L ZSUZS\u00c1NNA<\/span><\/li>\n<li><span class='classes-page-li'>TOTH VALENTINA-ANT\u00d3NIA<\/span><\/li>\n<\/ol>\n","protected":false},"excerpt":{"rendered":"<p>Diriginte: BAKK A TAM\u00c1S B\u00c1LINT A GYOP\u00c1R D\u00c1VID I N\u00d3RA FANCSALI J S\u00c1RA FANNI FARKAS&#8230;<\/p>\n","protected":false},"author":1,"featured_media":507,"parent":387,"menu_order":12,"comment_status":"closed","ping_status":"closed","template":"classes_page.php","meta":{"_expiration-date-status":"","_expiration-date":0,"_expiration-date-type":"","_expiration-date-categories":[],"_expiration-date-options":[],"footnotes":""},"class_list":["post-539","page","type-page","status-publish","has-post-thumbnail","hentry"],"_links":{"self":[{"href":"https:\/\/pallo.ro\/ro\/wp-json\/wp\/v2\/pages\/539\/"}],"collection":[{"href":"https:\/\/pallo.ro\/ro\/wp-json\/wp\/v2\/pages\/"}],"about":[{"href":"https:\/\/pallo.ro\/ro\/wp-json\/wp\/v2\/types\/page\/"}],"author":[{"embeddable":true,"href":"https:\/\/pallo.ro\/ro\/wp-json\/wp\/v2\/users\/1\/"}],"replies":[{"embeddable":true,"href":"https:\/\/pallo.ro\/ro\/wp-json\/wp\/v2\/comments\/?post=539"}],"version-history":[{"count":1,"href":"https:\/\/pallo.ro\/ro\/wp-json\/wp\/v2\/pages\/539\/revisions\/"}],"predecessor-version":[{"id":546,"href":"https:\/\/pallo.ro\/ro\/wp-json\/wp\/v2\/pages\/539\/revisions\/546\/"}],"up":[{"embeddable":true,"href":"https:\/\/pallo.ro\/ro\/wp-json\/wp\/v2\/pages\/387\/"}],"wp:featuredmedia":[{"embeddable":true,"href":"https:\/\/pallo.ro\/ro\/wp-json\/wp\/v2\/media\/507\/"}],"wp:attachment":[{"href":"https:\/\/pallo.ro\/ro\/wp-json\/wp\/v2\/media\/?parent=539"}],"curies":[{"name":"wp","href":"https:\/\/api.w.org\/{rel}","templated":true}]}}