{"id":538,"date":"2018-09-28T10:10:02","date_gmt":"2018-09-28T07:10:02","guid":{"rendered":"http:\/\/palloimre.local\/?page_id=538"},"modified":"2018-09-28T10:10:02","modified_gmt":"2018-09-28T07:10:02","slug":"clasa-iv-b","status":"publish","type":"page","link":"https:\/\/pallo.ro\/ro\/clase\/clasa-iv-b\/","title":{"rendered":"Clasa IV. B."},"content":{"rendered":"<p align='center'><span class='classes-page-title'><b>Diriginte: <\/b><\/span><\/p>\n<ol class='multi-column-list-classes'>\n<li><span class='classes-page-li'>BENYOVSZKI F ABIGEL ANDREA<\/span><\/li>\n<li><span class='classes-page-li'>CSERGO Z BOGLARKA<\/span><\/li>\n<li><span class='classes-page-li'>DOBAI G HANNA ABIG\u00c9L<\/span><\/li>\n<li><span class='classes-page-li'>FANCSALI L D\u00d3RA<\/span><\/li>\n<li><span class='classes-page-li'>IMRE G BOGL\u00c1RKA<\/span><\/li>\n<li><span class='classes-page-li'>INCZE ZS REN\u00c1TA<\/span><\/li>\n<li><span class='classes-page-li'>M\u00c1TH\u00c9 K SAROLT IRING\u00d3<\/span><\/li>\n<li><span class='classes-page-li'>MIH\u00c1LY A TAM\u00c1S<\/span><\/li>\n<li><span class='classes-page-li'>P\u00c1SZTOR ISTV\u00c1N-M\u00c1RK<\/span><\/li>\n<li><span class='classes-page-li'>TAM\u00c1S CS KRISZTI\u00c1N<\/span><\/li>\n<li><span class='classes-page-li'>TITI J ANDREA T\u00cdMEA<\/span><\/li>\n<li><span class='classes-page-li'>T\u00d3TH A \u00c1D\u00c1M<\/span><\/li>\n<li><span class='classes-page-li'>VARGA \u00c1 KINCS\u0150 VIKT\u00d3RIA<\/span><\/li>\n<\/ol>\n","protected":false},"excerpt":{"rendered":"<p>Diriginte: BENYOVSZKI F ABIGEL ANDREA CSERGO Z BOGLARKA DOBAI G HANNA ABIG\u00c9L FANCSALI L D\u00d3RA&#8230;<\/p>\n","protected":false},"author":1,"featured_media":507,"parent":387,"menu_order":10,"comment_status":"closed","ping_status":"closed","template":"classes_page.php","meta":{"_expiration-date-status":"","_expiration-date":0,"_expiration-date-type":"","_expiration-date-categories":[],"_expiration-date-options":[],"footnotes":""},"class_list":["post-538","page","type-page","status-publish","has-post-thumbnail","hentry"],"_links":{"self":[{"href":"https:\/\/pallo.ro\/ro\/wp-json\/wp\/v2\/pages\/538\/"}],"collection":[{"href":"https:\/\/pallo.ro\/ro\/wp-json\/wp\/v2\/pages\/"}],"about":[{"href":"https:\/\/pallo.ro\/ro\/wp-json\/wp\/v2\/types\/page\/"}],"author":[{"embeddable":true,"href":"https:\/\/pallo.ro\/ro\/wp-json\/wp\/v2\/users\/1\/"}],"replies":[{"embeddable":true,"href":"https:\/\/pallo.ro\/ro\/wp-json\/wp\/v2\/comments\/?post=538"}],"version-history":[{"count":1,"href":"https:\/\/pallo.ro\/ro\/wp-json\/wp\/v2\/pages\/538\/revisions\/"}],"predecessor-version":[{"id":544,"href":"https:\/\/pallo.ro\/ro\/wp-json\/wp\/v2\/pages\/538\/revisions\/544\/"}],"up":[{"embeddable":true,"href":"https:\/\/pallo.ro\/ro\/wp-json\/wp\/v2\/pages\/387\/"}],"wp:featuredmedia":[{"embeddable":true,"href":"https:\/\/pallo.ro\/ro\/wp-json\/wp\/v2\/media\/507\/"}],"wp:attachment":[{"href":"https:\/\/pallo.ro\/ro\/wp-json\/wp\/v2\/media\/?parent=538"}],"curies":[{"name":"wp","href":"https:\/\/api.w.org\/{rel}","templated":true}]}}