{"id":537,"date":"2018-09-28T10:09:50","date_gmt":"2018-09-28T07:09:50","guid":{"rendered":"http:\/\/palloimre.local\/?page_id=537"},"modified":"2018-09-28T10:09:50","modified_gmt":"2018-09-28T07:09:50","slug":"clasa-iv-a","status":"publish","type":"page","link":"https:\/\/pallo.ro\/ro\/clase\/clasa-iv-a\/","title":{"rendered":"Clasa IV. A."},"content":{"rendered":"<p align='center'><span class='classes-page-title'><b>Diriginte: <\/b><\/span><\/p>\n<ol class='multi-column-list-classes'>\n<li><span class='classes-page-li'>AMBRUS M EMILIA<\/span><\/li>\n<li><span class='classes-page-li'>BARABAS Z ZOLTAN<\/span><\/li>\n<li><span class='classes-page-li'>BARTALIS ZS BARBARA<\/span><\/li>\n<li><span class='classes-page-li'>BURCSA FR TIBOR-\u00c1BRAH\u00c1M<\/span><\/li>\n<li><span class='classes-page-li'>CSEND\u0150R J M\u00c1TY\u00c1S-GYULA<\/span><\/li>\n<li><span class='classes-page-li'>DEMETER J RAM\u00d3NA-R\u00d3ZSA<\/span><\/li>\n<li><span class='classes-page-li'>D\u00c9ZSY A DORKA<\/span><\/li>\n<li><span class='classes-page-li'>D\u00d3SA B R\u00c9KA<\/span><\/li>\n<li><span class='classes-page-li'>FEHER I HANNA<\/span><\/li>\n<li><span class='classes-page-li'>G\u00c1L I VIKT\u00d3RIA RITA<\/span><\/li>\n<li><span class='classes-page-li'>GECZ\u0150 V ANITA ORSOLYA<\/span><\/li>\n<li><span class='classes-page-li'>GER\u00c9B I NATASA<\/span><\/li>\n<li><span class='classes-page-li'>K\u00c1POLN\u00c1SI ZS ANNA-BOGL\u00c1RKA<\/span><\/li>\n<li><span class='classes-page-li'>K\u00c1POLN\u00c1SI ZS ZS\u00d3FIA-R\u00c9KA<\/span><\/li>\n<li><span class='classes-page-li'>KULCS\u00c1R L GERG\u0150<\/span><\/li>\n<li><span class='classes-page-li'>MOLN\u00c1R ZS EMMA-VERONIKA<\/span><\/li>\n<li><span class='classes-page-li'>NAGY A D\u00d3RA<\/span><\/li>\n<li><span class='classes-page-li'>SZASZ L HUBA<\/span><\/li>\n<li><span class='classes-page-li'>SZATHM\u00c1RY J EMESE<\/span><\/li>\n<li><span class='classes-page-li'>VAJDA L ALEXANDRA<\/span><\/li>\n<li><span class='classes-page-li'>VERESS ZS KRISZTINA-M\u00c1RIA<\/span><\/li>\n<\/ol>\n","protected":false},"excerpt":{"rendered":"<p>Diriginte: AMBRUS M EMILIA BARABAS Z ZOLTAN BARTALIS ZS BARBARA BURCSA FR TIBOR-\u00c1BRAH\u00c1M CSEND\u0150R J&#8230;<\/p>\n","protected":false},"author":1,"featured_media":507,"parent":387,"menu_order":9,"comment_status":"closed","ping_status":"closed","template":"classes_page.php","meta":{"_expiration-date-status":"","_expiration-date":0,"_expiration-date-type":"","_expiration-date-categories":[],"_expiration-date-options":[],"footnotes":""},"class_list":["post-537","page","type-page","status-publish","has-post-thumbnail","hentry"],"_links":{"self":[{"href":"https:\/\/pallo.ro\/ro\/wp-json\/wp\/v2\/pages\/537\/"}],"collection":[{"href":"https:\/\/pallo.ro\/ro\/wp-json\/wp\/v2\/pages\/"}],"about":[{"href":"https:\/\/pallo.ro\/ro\/wp-json\/wp\/v2\/types\/page\/"}],"author":[{"embeddable":true,"href":"https:\/\/pallo.ro\/ro\/wp-json\/wp\/v2\/users\/1\/"}],"replies":[{"embeddable":true,"href":"https:\/\/pallo.ro\/ro\/wp-json\/wp\/v2\/comments\/?post=537"}],"version-history":[{"count":1,"href":"https:\/\/pallo.ro\/ro\/wp-json\/wp\/v2\/pages\/537\/revisions\/"}],"predecessor-version":[{"id":543,"href":"https:\/\/pallo.ro\/ro\/wp-json\/wp\/v2\/pages\/537\/revisions\/543\/"}],"up":[{"embeddable":true,"href":"https:\/\/pallo.ro\/ro\/wp-json\/wp\/v2\/pages\/387\/"}],"wp:featuredmedia":[{"embeddable":true,"href":"https:\/\/pallo.ro\/ro\/wp-json\/wp\/v2\/media\/507\/"}],"wp:attachment":[{"href":"https:\/\/pallo.ro\/ro\/wp-json\/wp\/v2\/media\/?parent=537"}],"curies":[{"name":"wp","href":"https:\/\/api.w.org\/{rel}","templated":true}]}}