{"id":536,"date":"2018-09-28T10:09:39","date_gmt":"2018-09-28T07:09:39","guid":{"rendered":"http:\/\/palloimre.local\/?page_id=536"},"modified":"2018-09-28T10:09:39","modified_gmt":"2018-09-28T07:09:39","slug":"clasa-iii-b","status":"publish","type":"page","link":"https:\/\/pallo.ro\/ro\/clase\/clasa-iii-b\/","title":{"rendered":"Clasa III. B."},"content":{"rendered":"<p align='center'><span class='classes-page-title'><b>Diriginte: <\/b><\/span><\/p>\n<ol class='multi-column-list-classes'>\n<li><span class='classes-page-li'>BAL\u00c1ZS T TAMARA<\/span><\/li>\n<li><span class='classes-page-li'>BED\u0150 ZS N\u00d3RA<\/span><\/li>\n<li><span class='classes-page-li'>BODOR B ZSOLT<\/span><\/li>\n<li><span class='classes-page-li'>BOTH J M\u00c1TY\u00c1S-J\u00d3ZSEF<\/span><\/li>\n<li><span class='classes-page-li'>DE\u00c1K SZ CSENGE<\/span><\/li>\n<li><span class='classes-page-li'>DEMETER \u00c9 ZS\u00d3FIA<\/span><\/li>\n<li><span class='classes-page-li'>DOLGA-ADOLFFY B CSAN\u00c1D<\/span><\/li>\n<li><span class='classes-page-li'>JAKAB A BARNAB\u00c1S<\/span><\/li>\n<li><span class='classes-page-li'>KEREKES \u00c1 SZABOLCS<\/span><\/li>\n<li><span class='classes-page-li'>KONCZ B BAL\u00c1ZS<\/span><\/li>\n<li><span class='classes-page-li'>L\u00d6RINCZ ZS FANNI<\/span><\/li>\n<li><span class='classes-page-li'>SALAT A HUNOR<\/span><\/li>\n<li><span class='classes-page-li'>T\u00c1NCZOS A ATTILA<\/span><\/li>\n<li><span class='classes-page-li'>TARCSAFALVI D D\u00d3RA<\/span><\/li>\n<li><span class='classes-page-li'>URSULEAC A D\u00d3RA-STEF\u00c1NIA<\/span><\/li>\n<\/ol>\n","protected":false},"excerpt":{"rendered":"<p>Diriginte: BAL\u00c1ZS T TAMARA BED\u0150 ZS N\u00d3RA BODOR B ZSOLT BOTH J M\u00c1TY\u00c1S-J\u00d3ZSEF DE\u00c1K SZ&#8230;<\/p>\n","protected":false},"author":1,"featured_media":507,"parent":387,"menu_order":8,"comment_status":"closed","ping_status":"closed","template":"classes_page.php","meta":{"_expiration-date-status":"","_expiration-date":0,"_expiration-date-type":"","_expiration-date-categories":[],"_expiration-date-options":[],"footnotes":""},"class_list":["post-536","page","type-page","status-publish","has-post-thumbnail","hentry"],"_links":{"self":[{"href":"https:\/\/pallo.ro\/ro\/wp-json\/wp\/v2\/pages\/536\/"}],"collection":[{"href":"https:\/\/pallo.ro\/ro\/wp-json\/wp\/v2\/pages\/"}],"about":[{"href":"https:\/\/pallo.ro\/ro\/wp-json\/wp\/v2\/types\/page\/"}],"author":[{"embeddable":true,"href":"https:\/\/pallo.ro\/ro\/wp-json\/wp\/v2\/users\/1\/"}],"replies":[{"embeddable":true,"href":"https:\/\/pallo.ro\/ro\/wp-json\/wp\/v2\/comments\/?post=536"}],"version-history":[{"count":1,"href":"https:\/\/pallo.ro\/ro\/wp-json\/wp\/v2\/pages\/536\/revisions\/"}],"predecessor-version":[{"id":542,"href":"https:\/\/pallo.ro\/ro\/wp-json\/wp\/v2\/pages\/536\/revisions\/542\/"}],"up":[{"embeddable":true,"href":"https:\/\/pallo.ro\/ro\/wp-json\/wp\/v2\/pages\/387\/"}],"wp:featuredmedia":[{"embeddable":true,"href":"https:\/\/pallo.ro\/ro\/wp-json\/wp\/v2\/media\/507\/"}],"wp:attachment":[{"href":"https:\/\/pallo.ro\/ro\/wp-json\/wp\/v2\/media\/?parent=536"}],"curies":[{"name":"wp","href":"https:\/\/api.w.org\/{rel}","templated":true}]}}