{"id":534,"date":"2018-09-28T10:08:08","date_gmt":"2018-09-28T07:08:08","guid":{"rendered":"http:\/\/palloimre.local\/?page_id=534"},"modified":"2018-09-28T10:08:08","modified_gmt":"2018-09-28T07:08:08","slug":"clasa-iii-a","status":"publish","type":"page","link":"https:\/\/pallo.ro\/ro\/clase\/clasa-iii-a\/","title":{"rendered":"Clasa III. A."},"content":{"rendered":"<p align='center'><span class='classes-page-title'><b>Diriginte: <\/b><\/span><\/p>\n<ol class='multi-column-list-classes'>\n<li><span class='classes-page-li'>BENEDEK E DOROTTYA<\/span><\/li>\n<li><span class='classes-page-li'>BIR\u00d3 M M\u00c1TY\u00c1S<\/span><\/li>\n<li><span class='classes-page-li'>BODA SZ KEVE<\/span><\/li>\n<li><span class='classes-page-li'>CSERG\u0150 Z LILI<\/span><\/li>\n<li><span class='classes-page-li'>DASC\u0102LU G DANIEL<\/span><\/li>\n<li><span class='classes-page-li'>DE\u00c1K M NORBERT<\/span><\/li>\n<li><span class='classes-page-li'>DEMETER F KRISZTINA<\/span><\/li>\n<li><span class='classes-page-li'>DIM\u00c9NY ZS J\u00daLIA<\/span><\/li>\n<li><span class='classes-page-li'>HARCSA CS KOPP\u00c1NY<\/span><\/li>\n<li><span class='classes-page-li'>ILY\u00c9S-HADNAGY F J\u00c1ZMIN<\/span><\/li>\n<li><span class='classes-page-li'>JUH\u00c1SZ Z BENDEG\u00daZ<\/span><\/li>\n<li><span class='classes-page-li'>KAISER J IZABELLA<\/span><\/li>\n<li><span class='classes-page-li'>KOV\u00c1CS A TAM\u00c1S-CSABA<\/span><\/li>\n<li><span class='classes-page-li'>KRISTOF B GERG\u0150<\/span><\/li>\n<li><span class='classes-page-li'>L\u00c1SZL\u00d3 I KRISZTINA<\/span><\/li>\n<li><span class='classes-page-li'>M\u00c1R I PIROSKA<\/span><\/li>\n<li><span class='classes-page-li'>M\u00c1TY\u00c1S M N\u00d3RA<\/span><\/li>\n<li><span class='classes-page-li'>MOLN\u00c1R-THIESS CS BERNADETT<\/span><\/li>\n<li><span class='classes-page-li'>NAGY I B\u00c1LINT<\/span><\/li>\n<li><span class='classes-page-li'>NAGY Z VERONIKA<\/span><\/li>\n<li><span class='classes-page-li'>ORB\u00c1N M N\u00d3RA-ILKA<\/span><\/li>\n<li><span class='classes-page-li'>ORB\u00c1N-BAKK CS ESZTER<\/span><\/li>\n<li><span class='classes-page-li'>PIROSKA-HEIPEL Z KATA<\/span><\/li>\n<li><span class='classes-page-li'>RAVASZ I LILLA<\/span><\/li>\n<li><span class='classes-page-li'>S\u00c1NDOR M KINCS\u0150<\/span><\/li>\n<li><span class='classes-page-li'>SIPOS A REBEKA<\/span><\/li>\n<li><span class='classes-page-li'>T\u00d3FALVI M KATA<\/span><\/li>\n<li><span class='classes-page-li'>VERES A \u00c1GNES-ZS\u00d3FIA<\/span><\/li>\n<\/ol>\n","protected":false},"excerpt":{"rendered":"<p>Diriginte: BENEDEK E DOROTTYA BIR\u00d3 M M\u00c1TY\u00c1S BODA SZ KEVE CSERG\u0150 Z LILI DASC\u0102LU G&#8230;<\/p>\n","protected":false},"author":1,"featured_media":507,"parent":387,"menu_order":7,"comment_status":"closed","ping_status":"closed","template":"classes_page.php","meta":{"_expiration-date-status":"","_expiration-date":0,"_expiration-date-type":"","_expiration-date-categories":[],"_expiration-date-options":[],"footnotes":""},"class_list":["post-534","page","type-page","status-publish","has-post-thumbnail","hentry"],"_links":{"self":[{"href":"https:\/\/pallo.ro\/ro\/wp-json\/wp\/v2\/pages\/534\/"}],"collection":[{"href":"https:\/\/pallo.ro\/ro\/wp-json\/wp\/v2\/pages\/"}],"about":[{"href":"https:\/\/pallo.ro\/ro\/wp-json\/wp\/v2\/types\/page\/"}],"author":[{"embeddable":true,"href":"https:\/\/pallo.ro\/ro\/wp-json\/wp\/v2\/users\/1\/"}],"replies":[{"embeddable":true,"href":"https:\/\/pallo.ro\/ro\/wp-json\/wp\/v2\/comments\/?post=534"}],"version-history":[{"count":1,"href":"https:\/\/pallo.ro\/ro\/wp-json\/wp\/v2\/pages\/534\/revisions\/"}],"predecessor-version":[{"id":535,"href":"https:\/\/pallo.ro\/ro\/wp-json\/wp\/v2\/pages\/534\/revisions\/535\/"}],"up":[{"embeddable":true,"href":"https:\/\/pallo.ro\/ro\/wp-json\/wp\/v2\/pages\/387\/"}],"wp:featuredmedia":[{"embeddable":true,"href":"https:\/\/pallo.ro\/ro\/wp-json\/wp\/v2\/media\/507\/"}],"wp:attachment":[{"href":"https:\/\/pallo.ro\/ro\/wp-json\/wp\/v2\/media\/?parent=534"}],"curies":[{"name":"wp","href":"https:\/\/api.w.org\/{rel}","templated":true}]}}