{"id":532,"date":"2018-09-27T18:01:20","date_gmt":"2018-09-27T15:01:20","guid":{"rendered":"http:\/\/palloimre.local\/?page_id=532"},"modified":"2018-09-27T18:01:20","modified_gmt":"2018-09-27T15:01:20","slug":"clasa-ii-b","status":"publish","type":"page","link":"https:\/\/pallo.ro\/ro\/clase\/clasa-ii-b\/","title":{"rendered":"Clasa II. B."},"content":{"rendered":"<p align='center'><span class='classes-page-title'><b>Diriginte: <\/b><\/span><\/p>\n<ol class='multi-column-list-classes'>\n<li><span class='classes-page-li'>ALBERT KAMILLA<\/span><\/li>\n<li><span class='classes-page-li'>BARAB\u00c1S ZS\u00d3FIA<\/span><\/li>\n<li><span class='classes-page-li'>GID\u00d3 HUNOR<\/span><\/li>\n<li><span class='classes-page-li'>HA\u00c1Z P\u00c9TER-MIH\u00c1LY<\/span><\/li>\n<li><span class='classes-page-li'>KOV\u00c1CS ISTV\u00c1N-MAGOR<\/span><\/li>\n<li><span class='classes-page-li'>KOZMA ANIK\u00d3<\/span><\/li>\n<li><span class='classes-page-li'>MOLN\u00c1R MAJA<\/span><\/li>\n<li><span class='classes-page-li'>NAGY KINCS\u0150<\/span><\/li>\n<li><span class='classes-page-li'>ORB\u00c1N ATTILA<\/span><\/li>\n<li><span class='classes-page-li'>S\u00c1NDOR ANITA-IZABELLA<\/span><\/li>\n<li><span class='classes-page-li'>S\u00c1NDOR IMRE<\/span><\/li>\n<li><span class='classes-page-li'>SIM\u00d3 ZOLT\u00c1N<\/span><\/li>\n<li><span class='classes-page-li'>SZAB\u00d3 P\u00c9TER-JONAT\u00c1N<\/span><\/li>\n<li><span class='classes-page-li'>SZ\u00c9LES ANNA-SZ\u00d3FIA<\/span><\/li>\n<li><span class='classes-page-li'>TARCSAFALVI L\u00d3R\u00c1NT<\/span><\/li>\n<\/ol>\n","protected":false},"excerpt":{"rendered":"<p>Diriginte: ALBERT KAMILLA BARAB\u00c1S ZS\u00d3FIA GID\u00d3 HUNOR HA\u00c1Z P\u00c9TER-MIH\u00c1LY KOV\u00c1CS ISTV\u00c1N-MAGOR KOZMA ANIK\u00d3 MOLN\u00c1R MAJA&#8230;<\/p>\n","protected":false},"author":1,"featured_media":507,"parent":387,"menu_order":6,"comment_status":"closed","ping_status":"closed","template":"classes_page.php","meta":{"_expiration-date-status":"","_expiration-date":0,"_expiration-date-type":"","_expiration-date-categories":[],"_expiration-date-options":[],"footnotes":""},"class_list":["post-532","page","type-page","status-publish","has-post-thumbnail","hentry"],"_links":{"self":[{"href":"https:\/\/pallo.ro\/ro\/wp-json\/wp\/v2\/pages\/532\/"}],"collection":[{"href":"https:\/\/pallo.ro\/ro\/wp-json\/wp\/v2\/pages\/"}],"about":[{"href":"https:\/\/pallo.ro\/ro\/wp-json\/wp\/v2\/types\/page\/"}],"author":[{"embeddable":true,"href":"https:\/\/pallo.ro\/ro\/wp-json\/wp\/v2\/users\/1\/"}],"replies":[{"embeddable":true,"href":"https:\/\/pallo.ro\/ro\/wp-json\/wp\/v2\/comments\/?post=532"}],"version-history":[{"count":1,"href":"https:\/\/pallo.ro\/ro\/wp-json\/wp\/v2\/pages\/532\/revisions\/"}],"predecessor-version":[{"id":533,"href":"https:\/\/pallo.ro\/ro\/wp-json\/wp\/v2\/pages\/532\/revisions\/533\/"}],"up":[{"embeddable":true,"href":"https:\/\/pallo.ro\/ro\/wp-json\/wp\/v2\/pages\/387\/"}],"wp:featuredmedia":[{"embeddable":true,"href":"https:\/\/pallo.ro\/ro\/wp-json\/wp\/v2\/media\/507\/"}],"wp:attachment":[{"href":"https:\/\/pallo.ro\/ro\/wp-json\/wp\/v2\/media\/?parent=532"}],"curies":[{"name":"wp","href":"https:\/\/api.w.org\/{rel}","templated":true}]}}