{"id":530,"date":"2018-09-27T18:00:18","date_gmt":"2018-09-27T15:00:18","guid":{"rendered":"http:\/\/palloimre.local\/?page_id=530"},"modified":"2018-09-27T18:00:18","modified_gmt":"2018-09-27T15:00:18","slug":"clasa-ii-a","status":"publish","type":"page","link":"https:\/\/pallo.ro\/ro\/clase\/clasa-ii-a\/","title":{"rendered":"Clasa II. A."},"content":{"rendered":"<p align='center'><span class='classes-page-title'><b>Diriginte: <\/b><\/span><\/p>\n<ol class='multi-column-list-classes'>\n<li><span class='classes-page-li'>B\u00c1LINT T JORD\u00c1N<\/span><\/li>\n<li><span class='classes-page-li'>BARAB\u00c1S \u00c1 GERDA<\/span><\/li>\n<li><span class='classes-page-li'>BEKE S-O OLIV\u00c9R<\/span><\/li>\n<li><span class='classes-page-li'>BERECZKI-ORB\u00c1N ZS \u00c1RON<\/span><\/li>\n<li><span class='classes-page-li'>B\u00d6Z\u00d6DI A-CS HANNA-DORKA<\/span><\/li>\n<li><span class='classes-page-li'>D\u00c1VID L ZONGA<\/span><\/li>\n<li><span class='classes-page-li'>D\u00c9NES A LUCA<\/span><\/li>\n<li><span class='classes-page-li'>HADNAGY E BENCE<\/span><\/li>\n<li><span class='classes-page-li'>HORVATH E JEN\u0150<\/span><\/li>\n<li><span class='classes-page-li'>L\u00c1SZL\u00d3 L \u00c1GNES<\/span><\/li>\n<li><span class='classes-page-li'>MATE ZS BOR\u00d3KA<\/span><\/li>\n<li><span class='classes-page-li'>ORB\u00c1N-BAKK CS \u00c1GOTA<\/span><\/li>\n<li><span class='classes-page-li'>P\u00c1L GY-L ZS\u00d3FIA<\/span><\/li>\n<li><span class='classes-page-li'>P\u00c9TER L ZSELYKE<\/span><\/li>\n<li><span class='classes-page-li'>P\u00c9TER L ZS\u00d3FIA<\/span><\/li>\n<li><span class='classes-page-li'>S\u00d3FALVI A P\u00c9TER-ANDR\u00c1S<\/span><\/li>\n<li><span class='classes-page-li'>TAM\u00c1S L L\u00c1SZL\u00d3<\/span><\/li>\n<li><span class='classes-page-li'>T\u00c1NCZOS T TAMARA<\/span><\/li>\n<li><span class='classes-page-li'>TO\u00c1S\u00d3 L-ZS ZSANETT<\/span><\/li>\n<\/ol>\n","protected":false},"excerpt":{"rendered":"<p>Diriginte: B\u00c1LINT T JORD\u00c1N BARAB\u00c1S \u00c1 GERDA BEKE S-O OLIV\u00c9R BERECZKI-ORB\u00c1N ZS \u00c1RON B\u00d6Z\u00d6DI A-CS&#8230;<\/p>\n","protected":false},"author":1,"featured_media":507,"parent":387,"menu_order":5,"comment_status":"closed","ping_status":"closed","template":"classes_page.php","meta":{"_expiration-date-status":"","_expiration-date":0,"_expiration-date-type":"","_expiration-date-categories":[],"_expiration-date-options":[],"footnotes":""},"class_list":["post-530","page","type-page","status-publish","has-post-thumbnail","hentry"],"_links":{"self":[{"href":"https:\/\/pallo.ro\/ro\/wp-json\/wp\/v2\/pages\/530\/"}],"collection":[{"href":"https:\/\/pallo.ro\/ro\/wp-json\/wp\/v2\/pages\/"}],"about":[{"href":"https:\/\/pallo.ro\/ro\/wp-json\/wp\/v2\/types\/page\/"}],"author":[{"embeddable":true,"href":"https:\/\/pallo.ro\/ro\/wp-json\/wp\/v2\/users\/1\/"}],"replies":[{"embeddable":true,"href":"https:\/\/pallo.ro\/ro\/wp-json\/wp\/v2\/comments\/?post=530"}],"version-history":[{"count":1,"href":"https:\/\/pallo.ro\/ro\/wp-json\/wp\/v2\/pages\/530\/revisions\/"}],"predecessor-version":[{"id":531,"href":"https:\/\/pallo.ro\/ro\/wp-json\/wp\/v2\/pages\/530\/revisions\/531\/"}],"up":[{"embeddable":true,"href":"https:\/\/pallo.ro\/ro\/wp-json\/wp\/v2\/pages\/387\/"}],"wp:featuredmedia":[{"embeddable":true,"href":"https:\/\/pallo.ro\/ro\/wp-json\/wp\/v2\/media\/507\/"}],"wp:attachment":[{"href":"https:\/\/pallo.ro\/ro\/wp-json\/wp\/v2\/media\/?parent=530"}],"curies":[{"name":"wp","href":"https:\/\/api.w.org\/{rel}","templated":true}]}}