{"id":528,"date":"2018-09-27T17:59:13","date_gmt":"2018-09-27T14:59:13","guid":{"rendered":"http:\/\/palloimre.local\/?page_id=528"},"modified":"2018-09-27T17:59:13","modified_gmt":"2018-09-27T14:59:13","slug":"clasa-i-b","status":"publish","type":"page","link":"https:\/\/pallo.ro\/ro\/clase\/clasa-i-b\/","title":{"rendered":"Clasa I. B."},"content":{"rendered":"<p align='center'><span class='classes-page-title'><b>Diriginte: <\/b><\/span><\/p>\n<ol class='multi-column-list-classes'>\n<li><span class='classes-page-li'>BARTALIS CS M\u00c1T\u00c9<\/span><\/li>\n<li><span class='classes-page-li'>BEKE A ATTILA-ZSOLT<\/span><\/li>\n<li><span class='classes-page-li'>BIR\u00d3 M APOR<\/span><\/li>\n<li><span class='classes-page-li'>BOTH J M\u00d3ZES<\/span><\/li>\n<li><span class='classes-page-li'>FAZAKAS ZS R\u00c9KA<\/span><\/li>\n<li><span class='classes-page-li'>G\u00c1SP\u00c1R CS M\u00c1RK<\/span><\/li>\n<li><span class='classes-page-li'>GY\u00d6RGY F BENCE<\/span><\/li>\n<li><span class='classes-page-li'>KAR\u00c1CSONY L BOGL\u00c1RKA<\/span><\/li>\n<li><span class='classes-page-li'>KOZMA F ERZS\u00c9BET<\/span><\/li>\n<li><span class='classes-page-li'>KUTI-P\u00c9TER L \u00c1LMOS<\/span><\/li>\n<li><span class='classes-page-li'>L\u00c1GER E-L ANNA-L\u00c9NA<\/span><\/li>\n<li><span class='classes-page-li'>LUK\u00c1CS D-L ATTILA<\/span><\/li>\n<li><span class='classes-page-li'>MAJOR I-V JOHANNA<\/span><\/li>\n<li><span class='classes-page-li'>NAGY F-Z J\u00c1ZMIN-ANNA<\/span><\/li>\n<li><span class='classes-page-li'>OL\u00c1H M-B HUBA-BENCE<\/span><\/li>\n<li><span class='classes-page-li'>P\u00c9TER A \u00c9VA<\/span><\/li>\n<li><span class='classes-page-li'>P\u00c9TER SZ MIKSA<\/span><\/li>\n<li><span class='classes-page-li'>S\u00d3FALVI L AVAR-LAJOS<\/span><\/li>\n<li><span class='classes-page-li'>SZ\u00c1SZ F-I EMESE<\/span><\/li>\n<li><span class='classes-page-li'>SZATMARI B ATTILA<\/span><\/li>\n<li><span class='classes-page-li'>TAM\u00c1S T-B M\u00c1TY\u00c1S<\/span><\/li>\n<li><span class='classes-page-li'>TAR L D\u00c1NIEL<\/span><\/li>\n<li><span class='classes-page-li'>TASSALY ZS \u00c1D\u00c1M-\u00c1RON<\/span><\/li>\n<li><span class='classes-page-li'>T\u00d3TH A BOTOND<\/span><\/li>\n<\/ol>\n","protected":false},"excerpt":{"rendered":"<p>Diriginte: BARTALIS CS M\u00c1T\u00c9 BEKE A ATTILA-ZSOLT BIR\u00d3 M APOR BOTH J M\u00d3ZES FAZAKAS ZS&#8230;<\/p>\n","protected":false},"author":1,"featured_media":507,"parent":387,"menu_order":4,"comment_status":"closed","ping_status":"closed","template":"classes_page.php","meta":{"_expiration-date-status":"","_expiration-date":0,"_expiration-date-type":"","_expiration-date-categories":[],"_expiration-date-options":[],"footnotes":""},"class_list":["post-528","page","type-page","status-publish","has-post-thumbnail","hentry"],"_links":{"self":[{"href":"https:\/\/pallo.ro\/ro\/wp-json\/wp\/v2\/pages\/528\/"}],"collection":[{"href":"https:\/\/pallo.ro\/ro\/wp-json\/wp\/v2\/pages\/"}],"about":[{"href":"https:\/\/pallo.ro\/ro\/wp-json\/wp\/v2\/types\/page\/"}],"author":[{"embeddable":true,"href":"https:\/\/pallo.ro\/ro\/wp-json\/wp\/v2\/users\/1\/"}],"replies":[{"embeddable":true,"href":"https:\/\/pallo.ro\/ro\/wp-json\/wp\/v2\/comments\/?post=528"}],"version-history":[{"count":1,"href":"https:\/\/pallo.ro\/ro\/wp-json\/wp\/v2\/pages\/528\/revisions\/"}],"predecessor-version":[{"id":529,"href":"https:\/\/pallo.ro\/ro\/wp-json\/wp\/v2\/pages\/528\/revisions\/529\/"}],"up":[{"embeddable":true,"href":"https:\/\/pallo.ro\/ro\/wp-json\/wp\/v2\/pages\/387\/"}],"wp:featuredmedia":[{"embeddable":true,"href":"https:\/\/pallo.ro\/ro\/wp-json\/wp\/v2\/media\/507\/"}],"wp:attachment":[{"href":"https:\/\/pallo.ro\/ro\/wp-json\/wp\/v2\/media\/?parent=528"}],"curies":[{"name":"wp","href":"https:\/\/api.w.org\/{rel}","templated":true}]}}