{"id":459,"date":"2018-09-26T15:31:02","date_gmt":"2018-09-26T15:31:02","guid":{"rendered":"http:\/\/palloimre.local\/?page_id=459"},"modified":"2018-09-26T15:31:02","modified_gmt":"2018-09-26T15:31:02","slug":"clasa-i-a","status":"publish","type":"page","link":"https:\/\/pallo.ro\/ro\/clase\/clasa-i-a\/","title":{"rendered":"Clasa I. A."},"content":{"rendered":"<p align='center'><span class='classes-page-title'><b>Diriginte: <\/b><\/span><\/p>\n<ol class='multi-column-list-classes'>\n<li><span class='classes-page-li'>BALLOK GYOP\u00c1R-TAMARA<\/span><\/li>\n<li><span class='classes-page-li'>BARAB\u00c1S F T\u00cdMEA<\/span><\/li>\n<li><span class='classes-page-li'>BENCZE V S\u00c1RA<\/span><\/li>\n<li><span class='classes-page-li'>DEMETER F KRIST\u00d3F<\/span><\/li>\n<li><span class='classes-page-li'>DERZSI L \u00c1GOSTON DEMETER<\/span><\/li>\n<li><span class='classes-page-li'>D\u00d3SA B BOGL\u00c1RKA<\/span><\/li>\n<li><span class='classes-page-li'>GER\u00c9B I KAROLA<\/span><\/li>\n<li><span class='classes-page-li'>KOLOZSI I N\u00d3RA ABIG\u00c9L<\/span><\/li>\n<li><span class='classes-page-li'>MAG I K\u00cdRA<\/span><\/li>\n<li><span class='classes-page-li'>M\u00c1T\u00c9 CS-A MAGOR<\/span><\/li>\n<li><span class='classes-page-li'>NAGY I-Z ANDR\u00c1S<\/span><\/li>\n<li><span class='classes-page-li'>NAGY Z GERG\u0150<\/span><\/li>\n<li><span class='classes-page-li'>ORB\u00c1N A NO\u00c9<\/span><\/li>\n<li><span class='classes-page-li'>P\u00c1L K ANNA ESZTER<\/span><\/li>\n<li><span class='classes-page-li'>S\u00c1NDOR I P\u00c9TER<\/span><\/li>\n<li><span class='classes-page-li'>SATA-D\u00c1N\u00c9 A ANGYALKA<\/span><\/li>\n<li><span class='classes-page-li'>SEB\u0150K T \u00c1GNES<\/span><\/li>\n<li><span class='classes-page-li'>SIM\u00d3 Z HANNA<\/span><\/li>\n<li><span class='classes-page-li'>SZ\u00c1SZ T \u00d6RS<\/span><\/li>\n<li><span class='classes-page-li'>TANK\u00d3 CS EM\u0150KE<\/span><\/li>\n<li><span class='classes-page-li'>T\u0170ZES S KINCS\u0150-ANNA<\/span><\/li>\n<\/ol>\n","protected":false},"excerpt":{"rendered":"<p>Diriginte: BALLOK GYOP\u00c1R-TAMARA BARAB\u00c1S F T\u00cdMEA BENCZE V S\u00c1RA DEMETER F KRIST\u00d3F DERZSI L \u00c1GOSTON&#8230;<\/p>\n","protected":false},"author":1,"featured_media":508,"parent":387,"menu_order":3,"comment_status":"closed","ping_status":"closed","template":"classes_page.php","meta":{"_expiration-date-status":"","_expiration-date":0,"_expiration-date-type":"","_expiration-date-categories":[],"_expiration-date-options":[],"footnotes":""},"class_list":["post-459","page","type-page","status-publish","has-post-thumbnail","hentry"],"_links":{"self":[{"href":"https:\/\/pallo.ro\/ro\/wp-json\/wp\/v2\/pages\/459\/"}],"collection":[{"href":"https:\/\/pallo.ro\/ro\/wp-json\/wp\/v2\/pages\/"}],"about":[{"href":"https:\/\/pallo.ro\/ro\/wp-json\/wp\/v2\/types\/page\/"}],"author":[{"embeddable":true,"href":"https:\/\/pallo.ro\/ro\/wp-json\/wp\/v2\/users\/1\/"}],"replies":[{"embeddable":true,"href":"https:\/\/pallo.ro\/ro\/wp-json\/wp\/v2\/comments\/?post=459"}],"version-history":[{"count":1,"href":"https:\/\/pallo.ro\/ro\/wp-json\/wp\/v2\/pages\/459\/revisions\/"}],"predecessor-version":[{"id":460,"href":"https:\/\/pallo.ro\/ro\/wp-json\/wp\/v2\/pages\/459\/revisions\/460\/"}],"up":[{"embeddable":true,"href":"https:\/\/pallo.ro\/ro\/wp-json\/wp\/v2\/pages\/387\/"}],"wp:featuredmedia":[{"embeddable":true,"href":"https:\/\/pallo.ro\/ro\/wp-json\/wp\/v2\/media\/508\/"}],"wp:attachment":[{"href":"https:\/\/pallo.ro\/ro\/wp-json\/wp\/v2\/media\/?parent=459"}],"curies":[{"name":"wp","href":"https:\/\/api.w.org\/{rel}","templated":true}]}}