{"id":297,"date":"2018-09-26T09:00:11","date_gmt":"2018-09-26T09:00:11","guid":{"rendered":"http:\/\/palloimre.local\/?page_id=297"},"modified":"2025-02-17T12:10:08","modified_gmt":"2025-02-17T09:10:08","slug":"profesori","status":"publish","type":"page","link":"https:\/\/pallo.ro\/ro\/profesori\/","title":{"rendered":"Profesori"},"content":{"rendered":"<p>A 2018-2019-es tan\u00e9vben m\u0171k\u00f6d\u0151 tantest\u00fclet<\/p>\n<ul class='multi-column-list-teachers'>\n<li><span class='teacher-name'><\/span><span class='teacher-subject'>IGAZGAT\u00d3<\/span><\/li>\n<\/ul>\n<ul class='multi-column-list-teachers'><\/ul>\n<p>Oszt\u00e1lytan\u00edt\u00f3k<\/p>\n<ul class='multi-column-list-teachers'>\n<li><span class='teacher-name'><\/span><span class='teacher-subject'><\/span><\/li>\n<li><span class='teacher-name'><\/span><span class='teacher-subject'><\/span><\/li>\n<li><span class='teacher-name'><\/span><span class='teacher-subject'><\/span><\/li>\n<li><span class='teacher-name'><\/span><span class='teacher-subject'><\/span><\/li>\n<li><span class='teacher-name'><\/span><span class='teacher-subject'><\/span><\/li>\n<li><span class='teacher-name'><\/span><span class='teacher-subject'><\/span><\/li>\n<li><span class='teacher-name'><\/span><span class='teacher-subject'><\/span><\/li>\n<li><span class='teacher-name'><\/span><span class='teacher-subject'><\/span><\/li>\n<li><span class='teacher-name'><\/span><span class='teacher-subject'><\/span><\/li>\n<li><span class='teacher-name'><\/span><span class='teacher-subject'><\/span><\/li>\n<\/ul>\n<p>\u00c1ltal\u00e1nos m\u0171velts\u00e9gi t\u00e1rgyakat oktat\u00f3 tan\u00e1rok<\/p>\n<ul class='multi-column-list-teachers'>\n<li><span class='teacher-name'><\/span><span class='teacher-subject'>F\u00f6ldrajz<\/span><\/li>\n<li><span class='teacher-name'><\/span><span class='teacher-subject'>Fizika, Technol\u00f3giai nevel\u00e9s<\/span><\/li>\n<li><span class='teacher-name'><\/span><span class='teacher-subject'>Pszichol\u00f3gia<\/span><\/li>\n<li><span class='teacher-name'><\/span><span class='teacher-subject'>Rom\u00e1n nyelv \u00e9s irodalom<\/span><\/li>\n<li><span class='teacher-name'><\/span><span class='teacher-subject'>Magyar nyelv \u00e9s irodalom<\/span><\/li>\n<li><span class='teacher-name'><\/span><span class='teacher-subject'>Magyar nyelv \u00e9s irodalom<\/span><\/li>\n<li><span class='teacher-name'><\/span><span class='teacher-subject'>R\u00f3mai-katolikus vall\u00e1s<\/span><\/li>\n<li><span class='teacher-name'><\/span><span class='teacher-subject'>Angol nyelv<\/span><\/li>\n<li><span class='teacher-name'><\/span><span class='teacher-subject'>T\u00f6rt\u00e9nelem<\/span><\/li>\n<li><span class='teacher-name'><\/span><span class='teacher-subject'>REFORM\u00c1TUS VALL\u00c1S<\/span><\/li>\n<li><span class='teacher-name'><\/span><span class='teacher-subject'>K\u00c9MIA<\/span><\/li>\n<li><span class='teacher-name'><\/span><span class='teacher-subject'>Angol nyelv<\/span><\/li>\n<li><span class='teacher-name'><\/span><span class='teacher-subject'>Matematika<\/span><\/li>\n<li><span class='teacher-name'><\/span><span class='teacher-subject'>Testnevel\u00e9s<\/span><\/li>\n<li><span class='teacher-name'><\/span><span class='teacher-subject'>N\u00e9met nyelv<\/span><\/li>\n<li><span class='teacher-name'><\/span><span class='teacher-subject'>Rom\u00e1n nyelv \u00e9s irodalom<\/span><\/li>\n<li><span class='teacher-name'><\/span><span class='teacher-subject'>Testnevel\u00e9s<\/span><\/li>\n<li><span class='teacher-name'><\/span><span class='teacher-subject'>Reform\u00e1tus vall\u00e1s<\/span><\/li>\n<li><span class='teacher-name'><\/span><span class='teacher-subject'>Unit\u00e1rius vall\u00e1s<\/span><\/li>\n<li><span class='teacher-name'><\/span><span class='teacher-subject'>Rom\u00e1n nyelv \u00e9s irodalom<\/span><\/li>\n<li><span class='teacher-name'><\/span><span class='teacher-subject'>T\u00d6RT\u00c9NELEM<\/span><\/li>\n<li><span class='teacher-name'><\/span><span class='teacher-subject'>Matematika<\/span><\/li>\n<li><span class='teacher-name'><\/span><span class='teacher-subject'>Testnevel\u00e9s<\/span><\/li>\n<li><span class='teacher-name'><\/span><span class='teacher-subject'>Kommunik. \u00e9s inform. technol\u00f3gia<\/span><\/li>\n<li><span class='teacher-name'><\/span><span class='teacher-subject'>Biol\u00f3gia\/K\u00e9mia<\/span><\/li>\n<li><span class='teacher-name'><\/span><span class='teacher-subject'>Magyar nyelv \u00e9s irodalom<\/span><\/li>\n<\/ul>\n<p>K\u00e9pz\u0151m\u0171v\u00e9szet szakos tan\u00e1rok<\/p>\n<ul class='multi-column-list-teachers'>\n<li><span class='teacher-name'><\/span><span class='teacher-subject'>Rajz, Fest\u00e9szet<\/span><\/li>\n<li><span class='teacher-name'><\/span><span class='teacher-subject'>Architekt\u00fara, M\u0171szaki rajz<\/span><\/li>\n<li><span class='teacher-name'><\/span><span class='teacher-subject'>K\u00e9pz\u0151m\u0171v\u00e9szet, Ker\u00e1mia<\/span><\/li>\n<li><span class='teacher-name'><\/span><span class='teacher-subject'>Rajz, Fest\u00e9szet, Kroki<\/span><\/li>\n<li><span class='teacher-name'><\/span><span class='teacher-subject'>Fest\u00e9szet, Sz\u00e1m\u00edt\u00f3g\u00e9pes k\u00e9pfeldolgoz\u00e1s<\/span><\/li>\n<li><span class='teacher-name'><\/span><span class='teacher-subject'>RAJZ-SZOBR\u00c1SZAT<\/span><\/li>\n<li><span class='teacher-name'><\/span><span class='teacher-subject'>Szobr\u00e1szat<\/span><\/li>\n<li><span class='teacher-name'><\/span><span class='teacher-subject'>Fest\u00e9szet<\/span><\/li>\n<li><span class='teacher-name'><\/span><span class='teacher-subject'>Rajz, Fest\u00e9szet, M\u0171v\u00e9szett\u00f6rt\u00e9nelem<\/span><\/li>\n<li><span class='teacher-name'><\/span><span class='teacher-subject'>Rajz, Fest\u00e9szet<\/span><\/li>\n<li><span class='teacher-name'><\/span><span class='teacher-subject'>Rajz, Grafika, Kroki<\/span><\/li>\n<li><span class='teacher-name'><\/span><span class='teacher-subject'>K\u00e9pz\u0151m\u0171v\u00e9szet, Kroki, Textil<\/span><\/li>\n<\/ul>\n<p>Zene szakos tan\u00e1rok<\/p>\n<ul class='multi-column-list-teachers'>\n<li><span class='teacher-name'><\/span><span class='teacher-subject'>Heged\u0171<\/span><\/li>\n<li><span class='teacher-name'><\/span><span class='teacher-subject'>Zeneelm\u00e9let<\/span><\/li>\n<li><span class='teacher-name'><\/span><span class='teacher-subject'>Zongora, Korrepetici\u00f3<\/span><\/li>\n<li><span class='teacher-name'><\/span><span class='teacher-subject'>Klarin\u00e9t<\/span><\/li>\n<li><span class='teacher-name'><\/span><span class='teacher-subject'>Heged\u0171, Zongora mell\u00e9kszak<\/span><\/li>\n<li><span class='teacher-name'><\/span><span class='teacher-subject'>Oboa, Blockfl\u00f6te, Zongora mell\u00e9kszak<\/span><\/li>\n<li><span class='teacher-name'><\/span><span class='teacher-subject'>Zongora<\/span><\/li>\n<li><span class='teacher-name'><\/span><span class='teacher-subject'>Zongora<\/span><\/li>\n<li><span class='teacher-name'><\/span><span class='teacher-subject'>Zongora, Korrepetici\u00f3<\/span><\/li>\n<li><span class='teacher-name'><\/span><span class='teacher-subject'>Heged\u0171, Csell\u00f3<\/span><\/li>\n<li><span class='teacher-name'><\/span><span class='teacher-subject'>Heged\u0171, Kamarazene <\/span><\/li>\n<li><span class='teacher-name'><\/span><span class='teacher-subject'>TROMBITA<\/span><\/li>\n<li><span class='teacher-name'><\/span><span class='teacher-subject'>ZONGORA MELL\u00c9KSZAK<\/span><\/li>\n<li><span class='teacher-name'><\/span><span class='teacher-subject'>FUVOLA<\/span><\/li>\n<li><span class='teacher-name'><\/span><span class='teacher-subject'>Canto, Zongora mell\u00e9kszak<\/span><\/li>\n<li><span class='teacher-name'><\/span><span class='teacher-subject'>Zongora, Korrepetici\u00f3<\/span><\/li>\n<li><span class='teacher-name'><\/span><span class='teacher-subject'>\u00dct\u0151shangszerek<\/span><\/li>\n<li><span class='teacher-name'><\/span><span class='teacher-subject'>Zene, Zongora mell\u00e9kszak<\/span><\/li>\n<li><span class='teacher-name'><\/span><span class='teacher-subject'>Zeneelm\u00e9let, K\u00f3rus, Zongora mell\u00e9kszak<\/span><\/li>\n<li><span class='teacher-name'><\/span><span class='teacher-subject'>Zongora, Korrepetici\u00f3<\/span><\/li>\n<li><span class='teacher-name'><\/span><span class='teacher-subject'>Heged\u0171<\/span><\/li>\n<li><span class='teacher-name'><\/span><span class='teacher-subject'>Canto<\/span><\/li>\n<li><span class='teacher-name'><\/span><span class='teacher-subject'>Heged\u0171, Zongora mell\u00e9kszak<\/span><\/li>\n<li><span class='teacher-name'><\/span><span class='teacher-subject'>Fuvola, Zongora mell\u00e9kszak<\/span><\/li>\n<li><span class='teacher-name'><\/span><span class='teacher-subject'>Klasszikus git\u00e1r, Kamarazene<\/span><\/li>\n<li><span class='teacher-name'><\/span><span class='teacher-subject'>Canto, Zongora mell\u00e9kszak<\/span><\/li>\n<li><span class='teacher-name'><\/span><span class='teacher-subject'>Canto, Zongora mell\u00e9kszak<\/span><\/li>\n<li><span class='teacher-name'><\/span><span class='teacher-subject'>Zongora<\/span><\/li>\n<li><span class='teacher-name'><\/span><span class='teacher-subject'>Canto, Zongora mell\u00e9kszak<\/span><\/li>\n<li><span class='teacher-name'><\/span><span class='teacher-subject'>Zeneelm\u00e9let, K\u00f3rus, Zongora mell\u00e9kszak<\/span><\/li>\n<li><span class='teacher-name'><\/span><span class='teacher-subject'>Klasszikus git\u00e1r<\/span><\/li>\n<li><span class='teacher-name'><\/span><span class='teacher-subject'>Heged\u0171, Zenet\u00f6rt\u00e9net<\/span><\/li>\n<li><span class='teacher-name'><\/span><span class='teacher-subject'>Zeneelm\u00e9let, Kamarazene, K\u00f3rus, \u00d6sszhangzattan<\/span><\/li>\n<li><span class='teacher-name'><\/span><span class='teacher-subject'>Zongora<\/span><\/li>\n<li><span class='teacher-name'><\/span><span class='teacher-subject'>Zongora, Korrepetici\u00f3<\/span><\/li>\n<li><span class='teacher-name'><\/span><span class='teacher-subject'>Heged\u0171, Br\u00e1csa<\/span><\/li>\n<li><span class='teacher-name'><\/span><span class='teacher-subject'>Zongora, Orgona<\/span><\/li>\n<li><span class='teacher-name'><\/span><span class='teacher-subject'>Zongora, Korrepetici\u00f3<\/span><\/li>\n<li><span class='teacher-name'><\/span><span class='teacher-subject'>Aligazgat\u00f3, Zeneelm\u00e9let, Zongora mell\u00e9kszak<\/span><\/li>\n<li><span class='teacher-name'><\/span><span class='teacher-subject'>F\u00fav\u00f3s hangszerek, Kamarazene<\/span><\/li>\n<li><span class='teacher-name'><\/span><span class='teacher-subject'>Heged\u0171<\/span><\/li>\n<li><span class='teacher-name'><\/span><span class='teacher-subject'>Nagyb\u0151g\u0151, Kamarazene<\/span><\/li>\n<li><span class='teacher-name'><\/span><span class='teacher-subject'>Zongora, Korrepetici\u00f3<\/span><\/li>\n<\/ul>\n","protected":false},"excerpt":{"rendered":"<p>A 2018-2019-es tan\u00e9vben m\u0171k\u00f6d\u0151 tantest\u00fclet IGAZGAT\u00d3 Oszt\u00e1lytan\u00edt\u00f3k \u00c1ltal\u00e1nos m\u0171velts\u00e9gi t\u00e1rgyakat oktat\u00f3 tan\u00e1rok F\u00f6ldrajz Fizika, Technol\u00f3giai&#8230;<\/p>\n","protected":false},"author":1,"featured_media":507,"parent":0,"menu_order":0,"comment_status":"closed","ping_status":"closed","template":"teachers_page.php","meta":{"_expiration-date-status":"","_expiration-date":0,"_expiration-date-type":"","_expiration-date-categories":[],"_expiration-date-options":[],"footnotes":""},"class_list":["post-297","page","type-page","status-publish","has-post-thumbnail","hentry"],"_links":{"self":[{"href":"https:\/\/pallo.ro\/ro\/wp-json\/wp\/v2\/pages\/297\/"}],"collection":[{"href":"https:\/\/pallo.ro\/ro\/wp-json\/wp\/v2\/pages\/"}],"about":[{"href":"https:\/\/pallo.ro\/ro\/wp-json\/wp\/v2\/types\/page\/"}],"author":[{"embeddable":true,"href":"https:\/\/pallo.ro\/ro\/wp-json\/wp\/v2\/users\/1\/"}],"replies":[{"embeddable":true,"href":"https:\/\/pallo.ro\/ro\/wp-json\/wp\/v2\/comments\/?post=297"}],"version-history":[{"count":9,"href":"https:\/\/pallo.ro\/ro\/wp-json\/wp\/v2\/pages\/297\/revisions\/"}],"predecessor-version":[{"id":1464,"href":"https:\/\/pallo.ro\/ro\/wp-json\/wp\/v2\/pages\/297\/revisions\/1464\/"}],"wp:featuredmedia":[{"embeddable":true,"href":"https:\/\/pallo.ro\/ro\/wp-json\/wp\/v2\/media\/507\/"}],"wp:attachment":[{"href":"https:\/\/pallo.ro\/ro\/wp-json\/wp\/v2\/media\/?parent=297"}],"curies":[{"name":"wp","href":"https:\/\/api.w.org\/{rel}","templated":true}]}}