{"id":296,"date":"2018-09-26T08:59:05","date_gmt":"2018-09-26T05:59:05","guid":{"rendered":"http:\/\/palloimre.local\/?page_id=296"},"modified":"2018-10-16T08:48:39","modified_gmt":"2018-10-16T05:48:39","slug":"scolarizare","status":"publish","type":"page","link":"https:\/\/pallo.ro\/ro\/scolarizare\/","title":{"rendered":"Plan de \u0219colarizare"},"content":{"rendered":"\n\n<div class=\"ngg-galleryoverview ngg-slideshow\"\n\t id=\"ngg-slideshow-8bf3c119c7bbcae6b25aae5d6d722d3a-19874180070\"\n     style=\"max-width: 600px; max-height: 400px;\">\n\n \t<div id=\"ngg-image-0\" class=\"ngg-gallery-slideshow-image\" style=\"height:400px\">\n\t\t\t\t\t\n\t\t\t\t\t<a href=\"https:\/\/pallo.ro\/wp-content\/gallery\/felveteli_2018\/szorolap.jpg\"\n                      title=\"\"\n                      data-src=\"https:\/\/pallo.ro\/wp-content\/gallery\/felveteli_2018\/szorolap.jpg\"\n                      data-thumbnail=\"https:\/\/pallo.ro\/wp-content\/gallery\/felveteli_2018\/thumbs\/thumbs_szorolap.jpg\"\n                      data-image-id=\"30\"\n                      data-title=\"szorolap\"\n                      data-description=\"\"\n                      class=\"ngg-fancybox\" rel=\"8bf3c119c7bbcae6b25aae5d6d722d3a\">\n\n\t\t\t\t\t\t<img data-image-id='30'\n\t\t\t\t\t     title=\"\"\n\t\t\t\t\t     alt=\"szorolap\"\n\t\t\t\t\t     src=\"https:\/\/pallo.ro\/wp-content\/gallery\/felveteli_2018\/szorolap.jpg\"\n\t\t\t\t\t     style=\"max-height: 380px;\"\n\t\t\t\t\t     \/>\n\n\t\t\t\t\t<\/a>\n\n\t\t\t\t<\/div> \n\t\n<\/div>\n\n\n\t\t<!-- Thumbnails Link -->\n\t<div class=\"slideshowlink\" style=\"max-width: 600px;\">\n        <a href='https:\/\/pallo.ro\/ro\/scolarizare\/nggallery\/thumbnails'>[B\u00e9lyegk\u00e9pek megjelen\u00edt\u00e9se]<\/a>\n\t<\/div>\n\n\n\n\n<div class=\"ngg-galleryoverview ngg-slideshow\"\n\t id=\"ngg-slideshow-c43bf20238dfdbcef2a9302809cdf55c-21151154330\"\n     style=\"max-width: 600px; max-height: 400px;\">\n\n \t<div id=\"ngg-image-0\" class=\"ngg-gallery-slideshow-image\" style=\"height:400px\">\n\t\t\t\t\t\n\t\t\t\t\t<a href=\"https:\/\/pallo.ro\/wp-content\/gallery\/elokeszito\/elokeszito-magyar.jpg\"\n                      title=\"\"\n                      data-src=\"https:\/\/pallo.ro\/wp-content\/gallery\/elokeszito\/elokeszito-magyar.jpg\"\n                      data-thumbnail=\"https:\/\/pallo.ro\/wp-content\/gallery\/elokeszito\/thumbs\/thumbs_elokeszito-magyar.jpg\"\n                      data-image-id=\"31\"\n                      data-title=\"elokeszito magyar\"\n                      data-description=\"\"\n                      class=\"ngg-fancybox\" rel=\"c43bf20238dfdbcef2a9302809cdf55c\">\n\n\t\t\t\t\t\t<img data-image-id='31'\n\t\t\t\t\t     title=\"\"\n\t\t\t\t\t     alt=\"elokeszito magyar\"\n\t\t\t\t\t     src=\"https:\/\/pallo.ro\/wp-content\/gallery\/elokeszito\/elokeszito-magyar.jpg\"\n\t\t\t\t\t     style=\"max-height: 380px;\"\n\t\t\t\t\t     \/>\n\n\t\t\t\t\t<\/a>\n\n\t\t\t\t<\/div> \n\t\n<\/div>\n\n\n\t\t<!-- Thumbnails Link -->\n\t<div class=\"slideshowlink\" style=\"max-width: 600px;\">\n        <a href='https:\/\/pallo.ro\/ro\/scolarizare\/nggallery\/thumbnails'>[B\u00e9lyegk\u00e9pek megjelen\u00edt\u00e9se]<\/a>\n\t<\/div>\n\n\n","protected":false},"excerpt":{"rendered":"","protected":false},"author":1,"featured_media":507,"parent":0,"menu_order":0,"comment_status":"closed","ping_status":"closed","template":"","meta":{"_expiration-date-status":"saved","_expiration-date":0,"_expiration-date-type":"","_expiration-date-categories":[],"_expiration-date-options":[],"footnotes":""},"class_list":["post-296","page","type-page","status-publish","has-post-thumbnail","hentry"],"_links":{"self":[{"href":"https:\/\/pallo.ro\/ro\/wp-json\/wp\/v2\/pages\/296\/"}],"collection":[{"href":"https:\/\/pallo.ro\/ro\/wp-json\/wp\/v2\/pages\/"}],"about":[{"href":"https:\/\/pallo.ro\/ro\/wp-json\/wp\/v2\/types\/page\/"}],"author":[{"embeddable":true,"href":"https:\/\/pallo.ro\/ro\/wp-json\/wp\/v2\/users\/1\/"}],"replies":[{"embeddable":true,"href":"https:\/\/pallo.ro\/ro\/wp-json\/wp\/v2\/comments\/?post=296"}],"version-history":[{"count":9,"href":"https:\/\/pallo.ro\/ro\/wp-json\/wp\/v2\/pages\/296\/revisions\/"}],"predecessor-version":[{"id":1145,"href":"https:\/\/pallo.ro\/ro\/wp-json\/wp\/v2\/pages\/296\/revisions\/1145\/"}],"wp:featuredmedia":[{"embeddable":true,"href":"https:\/\/pallo.ro\/ro\/wp-json\/wp\/v2\/media\/507\/"}],"wp:attachment":[{"href":"https:\/\/pallo.ro\/ro\/wp-json\/wp\/v2\/media\/?parent=296"}],"curies":[{"name":"wp","href":"https:\/\/api.w.org\/{rel}","templated":true}]}}