{"id":213,"date":"2018-09-26T08:03:49","date_gmt":"2018-09-26T08:03:49","guid":{"rendered":"http:\/\/palloimre.local\/?page_id=213"},"modified":"2024-04-04T09:20:14","modified_gmt":"2024-04-04T06:20:14","slug":"contact","status":"publish","type":"page","link":"https:\/\/pallo.ro\/ro\/contact\/","title":{"rendered":"Contact"},"content":{"rendered":"<div class=\"row\">\n<div class=\"col-xs-12 col-sm-6\" style=\"float: left;\"><b>Liceul de Arte Dr. Pall\u00f3 Imre<br \/>\n<\/b><b>535600 Odorheiu Secuiesc,<\/b><br \/>\n<b><br \/>\nCl\u0103direa A, Strada Kossuth Lajos nr. 41<br \/>\n<\/b><b><br \/>\nCl\u0103direa B, Strada Pet\u0151fi S\u00e1ndor nr. 24<br \/>\n&nbsp; &nbsp; &nbsp; Tel\/Fax: +40-266-218240,&nbsp;&nbsp;<br \/>\n&nbsp; &nbsp; &nbsp; Mobil: 0786-406-452<br \/>\n<\/b><b>E-mail:&nbsp;<a href=\"mailto:palloimre@yahoo.com\" target=\"_blank\" rel=\"nofollow noopener noreferrer\">palloimre@yahoo.com,<\/a><br \/>\n&nbsp; &nbsp; &nbsp; &nbsp; &nbsp; &nbsp; &nbsp; &nbsp; <a href=\"mailto:la.palloimre@eduhr.ro\" target=\"_blank\" rel=\"nofollow noopener noreferrer\">la.palloimre@eduhr.ro<\/a><\/b><b>Web:&nbsp;<a href=\"http:\/\/pallo.ro\" target=\"_blank\" rel=\"nofollow noopener noreferrer\">pallo.ro<\/a><\/b><\/p>\n<\/div>\n<div class=\"col-xs-12 col-sm-6\" style=\"float: right;\">\r\n                \r\n            <div id=\"wpgmza_map\" data-settings='{&quot;id&quot;:&quot;1&quot;,&quot;map_title&quot;:&quot;My first map&quot;,&quot;map_width&quot;:&quot;400&quot;,&quot;map_height&quot;:&quot;300&quot;,&quot;map_start_lat&quot;:&quot;46.304806&quot;,&quot;map_start_lng&quot;:&quot;25.293362&quot;,&quot;map_start_location&quot;:&quot;46.30480641301199,25.293362063426933&quot;,&quot;map_start_zoom&quot;:&quot;15&quot;,&quot;default_marker&quot;:&quot;0&quot;,&quot;type&quot;:&quot;1&quot;,&quot;alignment&quot;:&quot;1&quot;,&quot;directions_enabled&quot;:&quot;1&quot;,&quot;styling_enabled&quot;:&quot;0&quot;,&quot;styling_json&quot;:&quot;&quot;,&quot;active&quot;:&quot;0&quot;,&quot;kml&quot;:&quot;&quot;,&quot;bicycle&quot;:&quot;0&quot;,&quot;traffic&quot;:&quot;0&quot;,&quot;dbox&quot;:&quot;1&quot;,&quot;dbox_width&quot;:&quot;100&quot;,&quot;listmarkers&quot;:&quot;0&quot;,&quot;listmarkers_advanced&quot;:&quot;0&quot;,&quot;filterbycat&quot;:&quot;0&quot;,&quot;ugm_enabled&quot;:&quot;0&quot;,&quot;ugm_category_enabled&quot;:&quot;0&quot;,&quot;fusion&quot;:&quot;&quot;,&quot;map_width_type&quot;:&quot;px&quot;,&quot;map_height_type&quot;:&quot;px&quot;,&quot;mass_marker_support&quot;:&quot;1&quot;,&quot;ugm_access&quot;:&quot;0&quot;,&quot;order_markers_by&quot;:&quot;1&quot;,&quot;order_markers_choice&quot;:&quot;2&quot;,&quot;show_user_location&quot;:&quot;0&quot;,&quot;default_to&quot;:&quot;&quot;,&quot;other_settings&quot;:{&quot;store_locator_enabled&quot;:2,&quot;store_locator_distance&quot;:2,&quot;store_locator_default_radius&quot;:&quot;10&quot;,&quot;store_locator_not_found_message&quot;:&quot;No results found in this location. Please try again.&quot;,&quot;store_locator_bounce&quot;:1,&quot;store_locator_query_string&quot;:&quot;ZIP \\\/ Address:&quot;,&quot;store_locator_default_address&quot;:&quot;&quot;,&quot;wpgmza_store_locator_restrict&quot;:&quot;&quot;,&quot;store_locator_style&quot;:&quot;modern&quot;,&quot;wpgmza_store_locator_radius_style&quot;:&quot;modern&quot;,&quot;map_max_zoom&quot;:&quot;1&quot;,&quot;transport_layer&quot;:0,&quot;wpgmza_show_points_of_interest&quot;:0}}' style=\"display:block; overflow:auto; width:400px; height:300px; float:left;\">\r\n            \r\n            <\/div>\r\n        <\/div>\n<\/div>\n<div class=\"row\">\n<div class=\"col-xs-12 col-sm-12\"><div class=\"wpforms-container wpforms-container-full\" id=\"wpforms-1364\"><form id=\"wpforms-form-1364\" class=\"wpforms-validate wpforms-form\" data-formid=\"1364\" method=\"post\" enctype=\"multipart\/form-data\" action=\"\/ro\/wp-json\/wp\/v2\/pages\/213\/\"><div class=\"wpforms-field-container\"><div id=\"wpforms-1364-field_0-container\" class=\"wpforms-field wpforms-field-name\" data-field-id=\"0\"><label class=\"wpforms-field-label\" for=\"wpforms-1364-field_0\">Nume \u0219i Prenume <span class=\"wpforms-required-label\">*<\/span><\/label><input type=\"text\" id=\"wpforms-1364-field_0\" class=\"wpforms-field-medium wpforms-field-required\" name=\"wpforms[fields][0]\" required><\/div><div id=\"wpforms-1364-field_3-container\" class=\"wpforms-field wpforms-field-name\" data-field-id=\"3\"><label class=\"wpforms-field-label\" for=\"wpforms-1364-field_3\">Subject<\/label><input type=\"text\" id=\"wpforms-1364-field_3\" class=\"wpforms-field-medium\" name=\"wpforms[fields][3]\" ><\/div><div id=\"wpforms-1364-field_1-container\" class=\"wpforms-field wpforms-field-email\" data-field-id=\"1\"><label class=\"wpforms-field-label\" for=\"wpforms-1364-field_1\">Adresa de E-mail <span class=\"wpforms-required-label\">*<\/span><\/label><input type=\"email\" id=\"wpforms-1364-field_1\" class=\"wpforms-field-medium wpforms-field-required\" name=\"wpforms[fields][1]\" required><\/div><div id=\"wpforms-1364-field_2-container\" class=\"wpforms-field wpforms-field-textarea\" data-field-id=\"2\"><label class=\"wpforms-field-label\" for=\"wpforms-1364-field_2\">Mesaj <span class=\"wpforms-required-label\">*<\/span><\/label><textarea id=\"wpforms-1364-field_2\" class=\"wpforms-field-medium wpforms-field-required\" name=\"wpforms[fields][2]\" required><\/textarea><\/div><\/div><div class=\"wpforms-field wpforms-field-hp\"><label for=\"wpforms-field_hp\" class=\"wpforms-field-label\">Message<\/label><input type=\"text\" name=\"wpforms[hp]\" id=\"wpforms-field_hp\" class=\"wpforms-field-medium\"><\/div><div class=\"wpforms-submit-container\" ><input type=\"hidden\" name=\"wpforms[id]\" value=\"1364\"><input type=\"hidden\" name=\"wpforms[author]\" value=\"1\"><button type=\"submit\" name=\"wpforms[submit]\" class=\"wpforms-submit \" id=\"wpforms-submit-1364\" value=\"wpforms-submit\" data-alt-text=\"Trimiterea...\">Trimite<\/button><\/div><\/form><\/div><\/div>\n<\/div>\n","protected":false},"excerpt":{"rendered":"<p>Liceul de Arte Dr. Pall\u00f3 Imre 535600 Odorheiu Secuiesc, Cl\u0103direa A, Strada Kossuth Lajos nr&#8230;.<\/p>\n","protected":false},"author":1,"featured_media":507,"parent":0,"menu_order":0,"comment_status":"closed","ping_status":"closed","template":"","meta":{"_expiration-date-status":"","_expiration-date":0,"_expiration-date-type":"","_expiration-date-categories":[],"_expiration-date-options":[],"footnotes":""},"class_list":["post-213","page","type-page","status-publish","has-post-thumbnail","hentry"],"_links":{"self":[{"href":"https:\/\/pallo.ro\/ro\/wp-json\/wp\/v2\/pages\/213\/"}],"collection":[{"href":"https:\/\/pallo.ro\/ro\/wp-json\/wp\/v2\/pages\/"}],"about":[{"href":"https:\/\/pallo.ro\/ro\/wp-json\/wp\/v2\/types\/page\/"}],"author":[{"embeddable":true,"href":"https:\/\/pallo.ro\/ro\/wp-json\/wp\/v2\/users\/1\/"}],"replies":[{"embeddable":true,"href":"https:\/\/pallo.ro\/ro\/wp-json\/wp\/v2\/comments\/?post=213"}],"version-history":[{"count":27,"href":"https:\/\/pallo.ro\/ro\/wp-json\/wp\/v2\/pages\/213\/revisions\/"}],"predecessor-version":[{"id":2707,"href":"https:\/\/pallo.ro\/ro\/wp-json\/wp\/v2\/pages\/213\/revisions\/2707\/"}],"wp:featuredmedia":[{"embeddable":true,"href":"https:\/\/pallo.ro\/ro\/wp-json\/wp\/v2\/media\/507\/"}],"wp:attachment":[{"href":"https:\/\/pallo.ro\/ro\/wp-json\/wp\/v2\/media\/?parent=213"}],"curies":[{"name":"wp","href":"https:\/\/api.w.org\/{rel}","templated":true}]}}