{"id":1877,"date":"2021-02-03T14:01:43","date_gmt":"2021-02-03T11:01:43","guid":{"rendered":"https:\/\/pallo.ro\/?page_id=1877"},"modified":"2021-03-17T16:16:56","modified_gmt":"2021-03-17T13:16:56","slug":"clasa-0","status":"publish","type":"page","link":"https:\/\/pallo.ro\/ro\/scolarizare\/2021-2022\/clasa-0\/","title":{"rendered":"Clasa 0"},"content":{"rendered":"<p>22 locuri &#8211; Muzic\u0103 (Limba de predare maghiar\u0103)<\/p>\n<p>22 locuri &#8211; Desen (Limba de predare maghiar\u0103)<\/p>\n<p><strong>Calendarul \u00eenscrierii \u00een clasa preg\u0103titoare:<\/strong><\/p>\n<a href=\"https:\/\/pallo.ro\/wp-content\/uploads\/2021\/03\/Calendar_inscriere_CP_febr_2021.pdf\" class=\"pdfemb-viewer\" style=\"\" data-width=\"max\" data-height=\"max\"  data-toolbar=\"both\" data-toolbar-fixed=\"off\">Calendar_inscriere_CP_febr_2021<br\/><\/a>\n<p><strong>Criterii specifice pentu \u00eenscrierea \u00een clasa preg\u0103titoare:<\/strong><\/p>\n<a href=\"https:\/\/pallo.ro\/wp-content\/uploads\/2021\/03\/1121-criterii-specifice-Liceul-de-Arta-Pallo-Imre.pdf\" class=\"pdfemb-viewer\" style=\"\" data-width=\"max\" data-height=\"max\"  data-toolbar=\"both\" data-toolbar-fixed=\"off\">1121-criterii-specifice-Liceul-de-Arta-Pallo-Imre<br\/><\/a>\n<p><strong>Declara\u021bie pe propria r\u0103spundere (la \u00eenscrierea online):<\/strong><\/p>\n<a href=\"https:\/\/pallo.ro\/wp-content\/uploads\/2021\/03\/Anexa-3-Declaratie-pe-propria-raspundere-1.pdf\" class=\"pdfemb-viewer\" style=\"\" data-width=\"max\" data-height=\"max\"  data-toolbar=\"both\" data-toolbar-fixed=\"off\">Anexa-3-Declaratie-pe-propria-raspundere-1<br\/><\/a>\n","protected":false},"excerpt":{"rendered":"<p>22 locuri &#8211; Muzic\u0103 (Limba de predare maghiar\u0103) 22 locuri &#8211; Desen (Limba de predare&#8230;<\/p>\n","protected":false},"author":5,"featured_media":507,"parent":1832,"menu_order":0,"comment_status":"closed","ping_status":"closed","template":"","meta":{"_expiration-date-status":"saved","_expiration-date":0,"_expiration-date-type":"","_expiration-date-categories":[],"_expiration-date-options":[],"footnotes":""},"class_list":["post-1877","page","type-page","status-publish","has-post-thumbnail","hentry"],"_links":{"self":[{"href":"https:\/\/pallo.ro\/ro\/wp-json\/wp\/v2\/pages\/1877\/"}],"collection":[{"href":"https:\/\/pallo.ro\/ro\/wp-json\/wp\/v2\/pages\/"}],"about":[{"href":"https:\/\/pallo.ro\/ro\/wp-json\/wp\/v2\/types\/page\/"}],"author":[{"embeddable":true,"href":"https:\/\/pallo.ro\/ro\/wp-json\/wp\/v2\/users\/5\/"}],"replies":[{"embeddable":true,"href":"https:\/\/pallo.ro\/ro\/wp-json\/wp\/v2\/comments\/?post=1877"}],"version-history":[{"count":5,"href":"https:\/\/pallo.ro\/ro\/wp-json\/wp\/v2\/pages\/1877\/revisions\/"}],"predecessor-version":[{"id":1958,"href":"https:\/\/pallo.ro\/ro\/wp-json\/wp\/v2\/pages\/1877\/revisions\/1958\/"}],"up":[{"embeddable":true,"href":"https:\/\/pallo.ro\/ro\/wp-json\/wp\/v2\/pages\/1832\/"}],"wp:featuredmedia":[{"embeddable":true,"href":"https:\/\/pallo.ro\/ro\/wp-json\/wp\/v2\/media\/507\/"}],"wp:attachment":[{"href":"https:\/\/pallo.ro\/ro\/wp-json\/wp\/v2\/media\/?parent=1877"}],"curies":[{"name":"wp","href":"https:\/\/api.w.org\/{rel}","templated":true}]}}