{"id":1062,"date":"2018-10-15T14:13:10","date_gmt":"2018-10-15T11:13:10","guid":{"rendered":"http:\/\/pallo.encodingpoint.eu\/minosegbiztositas\/"},"modified":"2025-02-14T11:47:22","modified_gmt":"2025-02-14T08:47:22","slug":"minosegbiztositas","status":"publish","type":"page","link":"https:\/\/pallo.ro\/ro\/minosegbiztositas\/","title":{"rendered":"Min\u00f5s\u00e9gbiztos\u00edt\u00e1s"},"content":{"rendered":"<a href=\"https:\/\/pallo.ro\/wp-content\/uploads\/2025\/02\/Program-de-dezvoltare-a-sistemului-de-control-intern-managerial-2024-2025.pdf\" class=\"pdfemb-viewer\" style=\"\" data-width=\"max\" data-height=\"max\"  data-toolbar=\"both\" data-toolbar-fixed=\"off\">Program-de-dezvoltare-a-sistemului-de-control-intern-managerial-2024-2025<br\/><\/a>\n","protected":false},"excerpt":{"rendered":"","protected":false},"author":1,"featured_media":507,"parent":0,"menu_order":0,"comment_status":"closed","ping_status":"closed","template":"","meta":{"_expiration-date-status":"","_expiration-date":0,"_expiration-date-type":"","_expiration-date-categories":[],"_expiration-date-options":[],"footnotes":""},"class_list":["post-1062","page","type-page","status-publish","has-post-thumbnail","hentry"],"_links":{"self":[{"href":"https:\/\/pallo.ro\/ro\/wp-json\/wp\/v2\/pages\/1062\/"}],"collection":[{"href":"https:\/\/pallo.ro\/ro\/wp-json\/wp\/v2\/pages\/"}],"about":[{"href":"https:\/\/pallo.ro\/ro\/wp-json\/wp\/v2\/types\/page\/"}],"author":[{"embeddable":true,"href":"https:\/\/pallo.ro\/ro\/wp-json\/wp\/v2\/users\/1\/"}],"replies":[{"embeddable":true,"href":"https:\/\/pallo.ro\/ro\/wp-json\/wp\/v2\/comments\/?post=1062"}],"version-history":[{"count":2,"href":"https:\/\/pallo.ro\/ro\/wp-json\/wp\/v2\/pages\/1062\/revisions\/"}],"predecessor-version":[{"id":2934,"href":"https:\/\/pallo.ro\/ro\/wp-json\/wp\/v2\/pages\/1062\/revisions\/2934\/"}],"wp:featuredmedia":[{"embeddable":true,"href":"https:\/\/pallo.ro\/ro\/wp-json\/wp\/v2\/media\/507\/"}],"wp:attachment":[{"href":"https:\/\/pallo.ro\/ro\/wp-json\/wp\/v2\/media\/?parent=1062"}],"curies":[{"name":"wp","href":"https:\/\/api.w.org\/{rel}","templated":true}]}}